{"id":3376,"date":"2020-11-10T20:09:40","date_gmt":"2020-11-10T20:09:40","guid":{"rendered":"https:\/\/jupiter-komerc.co.rs\/products-jupiter-komerc\/distribucija-zastitne-rukavice-za-rad\/"},"modified":"2021-05-04T09:02:16","modified_gmt":"2021-05-04T09:02:16","slug":"work-gloves-distribution","status":"publish","type":"page","link":"https:\/\/jupiter-komerc.co.rs\/en\/products-jupiter-komerc\/work-gloves-distribution\/","title":{"rendered":"Work Gloves Distribution"},"content":{"rendered":"<p>[vc_row full_width=&#8221;stretch_row&#8221; css=&#8221;.vc_custom_1602726144839{margin-bottom: -65px !important;background-color: #016da8 !important;}&#8221; el_class=&#8221;product-area&#8221;][vc_column width=&#8221;1\/2&#8243;][tt_vc_title_shortcode up_title=&#8221;Distribution&#8221;]<\/p>\n<h1 style=\"color: #fff;\">Protective work gloves<\/h1>\n<p>[\/tt_vc_title_shortcode][vc_column_text el_class=&#8221;txt-normal&#8221;]Protective and work gloves are mandatory equipment because hands and fingers are parts of the body that are often injured, so it is necessary to protect them well.<\/p>\n<div id=\"gtx-trans\" style=\"position: absolute; left: 114px; top: 97px;\">\n<div class=\"gtx-trans-icon\"><\/div>\n<\/div>\n<p>[\/vc_column_text][\/vc_column][vc_column width=&#8221;1\/2&#8243; css=&#8221;.vc_custom_1602726243781{margin-bottom: -65px !important;}&#8221;][vc_single_image image=&#8221;3291&#8243; img_size=&#8221;full&#8221; alignment=&#8221;center&#8221; css=&#8221;.vc_custom_1605039113627{margin-bottom: -80px !important;}&#8221; el_class=&#8221;img-product&#8221;][\/vc_column][\/vc_row][vc_row content_placement=&#8221;middle&#8221; css=&#8221;.vc_custom_1602757878588{padding-bottom: 4% !important;}&#8221; el_id=&#8221;float-img-fix&#8221;][vc_column width=&#8221;1\/2&#8243;][vc_column_text]<\/p>\n<h3>Protective work gloves<\/h3>\n<div id=\"gtx-trans\" style=\"position: absolute; left: 337px; top: 51px;\">\n<div class=\"gtx-trans-icon\"><\/div>\n<\/div>\n<p>[\/vc_column_text][vc_column_text]According to the job you do, you can choose between protective gloves for different use:<\/p>\n<p>\u2013 Protective gloves for fruit processing.<br \/>\n&#8211; Protective gloves for work in cold storage at low temperatures.<br \/>\n\u2013 Protective gloves for protection from cutting with sharp materials.<br \/>\n\u2013 Protective gloves for protection from mechanical injuries.<br \/>\n[\/vc_column_text][\/vc_column][vc_column width=&#8221;1\/2&#8243;][vc_single_image image=&#8221;3292&#8243; img_size=&#8221;full&#8221; alignment=&#8221;center&#8221; css_animation=&#8221;fadeInRight&#8221;][\/vc_column][\/vc_row][vc_row full_width=&#8221;stretch_row&#8221; css=&#8221;.vc_custom_1605205875054{padding-top: 50px !important;padding-bottom: 65px !important;background-color: #eeeeee !important;}&#8221;][vc_column css=&#8221;.vc_custom_1531118161332{padding-top: 0px !important;}&#8221;][tt_vc_title_shortcode up_title=&#8221;Purpose&#8221;]<\/p>\n<h2 class=\"title\">Work gloves<\/h2>\n<div id=\"gtx-trans\" style=\"position: absolute; left: 102px; top: 60px;\">\n<div class=\"gtx-trans-icon\"><\/div>\n<\/div>\n<p>[\/tt_vc_title_shortcode][vc_row_inner][vc_column_inner width=&#8221;1\/2&#8243;][vc_single_image image=&#8221;3295&#8243; img_size=&#8221;full&#8221; alignment=&#8221;center&#8221; onclick=&#8221;link_image&#8221; css_animation=&#8221;fadeInUp&#8221;][vc_column_text]<\/p>\n<h3>Gloves for fruit picking without PVC dots<\/h3>\n<p>Features:<br \/>\n<strong>Finely knitted gloves made from cotton and polyester mix. Palm coated with PVC dots for a firmer grip, with good resistance to abrasion and protection from cold.<\/strong><\/p>\n<p>Purpose:<br \/>\n<strong>Fruit and vegetable processing, work in a warehouse, gardening, agriculture, general-purpose.<\/strong><\/p>\n<p>Size: <strong>9, 10<\/strong>[\/vc_column_text][\/vc_column_inner][vc_column_inner width=&#8221;1\/2&#8243;][vc_single_image image=&#8221;3296&#8243; img_size=&#8221;full&#8221; alignment=&#8221;center&#8221; onclick=&#8221;link_image&#8221; css_animation=&#8221;fadeInUp&#8221;][vc_column_text]<\/p>\n<h3>Gloves for fruit picking with PVC dots<\/h3>\n<p>Features:<br \/>\n<strong>Finely knitted gloves made from cotton and polyester mix. Palm coated with PVC dots for a firmer grip, with good resistance to abrasion and protection from cold.<\/strong><\/p>\n<p>Purpose:<br \/>\n<strong>Fruit and vegetable processing, work in a warehouse, gardening, agriculture, general-purpose.<\/strong><\/p>\n<p>Size: <strong>9, 10<\/strong>[\/vc_column_text][\/vc_column_inner][\/vc_row_inner][vc_row_inner css=&#8221;.vc_custom_1605016710659{padding-top: 50px !important;}&#8221;][vc_column_inner width=&#8221;1\/2&#8243;][vc_single_image image=&#8221;3297&#8243; img_size=&#8221;full&#8221; alignment=&#8221;center&#8221; onclick=&#8221;link_image&#8221; css_animation=&#8221;fadeInUp&#8221;][vc_column_text]<\/p>\n<h3>Blue dipped protective gloves<\/h3>\n<p>Features:<br \/>\n<strong>Knitted gloves of a five-layer mix of cotton and polyester, palm coated with wrinkled latex. Soft and comfortable gloves which are distinguished with a secure grip.<\/strong><\/p>\n<p>Purpose:<br \/>\n<strong>Building, transport, machine industry, general-purpose.<\/strong><\/p>\n<p>Size: <strong>10<\/strong>[\/vc_column_text][\/vc_column_inner][vc_column_inner width=&#8221;1\/2&#8243;][vc_single_image image=&#8221;3298&#8243; img_size=&#8221;full&#8221; alignment=&#8221;center&#8221; onclick=&#8221;link_image&#8221; css_animation=&#8221;fadeInUp&#8221;][vc_column_text]<\/p>\n<h3>Winter Termosoft protective gloves<\/h3>\n<p>Features:<br \/>\n<strong>Coarsely knitted gloves, made from Acrylic Terry give additional protection from cold. The thick layer of wrinkled latex, coated on \u00be of the glove provides good protection from harsh work.<br \/>\n<\/strong><\/p>\n<p>Purpose:<br \/>\n<strong>Work in cold storage on low temperatures, building, transport, machine industry, general-purpose.<\/strong><\/p>\n<p>Size: <strong>9<\/strong>[\/vc_column_text][\/vc_column_inner][\/vc_row_inner][\/vc_column][\/vc_row][vc_row full_width=&#8221;stretch_row&#8221; el_class=&#8221;fun-fact-area dark-v&#8221; css=&#8221;.vc_custom_1532091802187{padding-top: 100px !important;padding-bottom: 65px !important;}&#8221;][vc_column width=&#8221;1\/4&#8243; css=&#8221;.vc_custom_1531118161332{padding-top: 0px !important;}&#8221;][\/vc_column][vc_column width=&#8221;1\/2&#8243; css=&#8221;.vc_custom_1531117825631{padding-top: 0px !important;}&#8221;][vc_column_text]<\/p>\n<h3 class=\"title\" style=\"text-align: center;\"><strong>Distribution of work gloves<\/strong><\/h3>\n<p>[\/vc_column_text][\/vc_column][vc_column width=&#8221;1\/4&#8243; css=&#8221;.vc_custom_1531117832989{padding-top: 0px !important;}&#8221;][\/vc_column][\/vc_row][vc_row full_width=&#8221;stretch_row_content_no_spaces&#8221; content_placement=&#8221;middle&#8221; el_class=&#8221;request-a-qoute home-page-two&#8221;][vc_column width=&#8221;7\/12&#8243; el_class=&#8221;request-a-qoute-content&#8221; css=&#8221;.vc_custom_1532943005905{padding-top: 50px !important;padding-right: 0px !important;padding-bottom: 40px !important;padding-left: 0px !important;}&#8221;][vc_column_text]<\/p>\n<div class=\"title\">\n<h3 style=\"color: #fff;\">Send request<\/h3>\n<\/div>\n<p>[\/vc_column_text]\n<div class=\"wpcf7 no-js\" id=\"wpcf7-f3351-o1\" lang=\"en-US\" dir=\"ltr\">\n<div class=\"screen-reader-response\"><p role=\"status\" aria-live=\"polite\" aria-atomic=\"true\"><\/p> <ul><\/ul><\/div>\n<form action=\"\/en\/wp-json\/wp\/v2\/pages\/3376#wpcf7-f3351-o1\" method=\"post\" class=\"wpcf7-form init\" aria-label=\"Contact form\" novalidate=\"novalidate\" data-status=\"init\">\n<div style=\"display: none;\">\n<input type=\"hidden\" name=\"_wpcf7\" value=\"3351\" \/>\n<input type=\"hidden\" name=\"_wpcf7_version\" value=\"5.7.7\" \/>\n<input type=\"hidden\" name=\"_wpcf7_locale\" value=\"en_US\" \/>\n<input type=\"hidden\" name=\"_wpcf7_unit_tag\" value=\"wpcf7-f3351-o1\" \/>\n<input type=\"hidden\" name=\"_wpcf7_container_post\" value=\"0\" \/>\n<input type=\"hidden\" name=\"_wpcf7_posted_data_hash\" value=\"\" \/>\n<input type=\"hidden\" name=\"_wpcf7_recaptcha_response\" value=\"\" \/>\n<\/div>\n<div>\n\t<p><span class=\"wpcf7-form-control-wrap\" data-name=\"your-name\"><input size=\"40\" class=\"wpcf7-form-control wpcf7-text wpcf7-validates-as-required tt_input\" aria-required=\"true\" aria-invalid=\"false\" placeholder=\"Name\" value=\"\" type=\"text\" name=\"your-name\" \/><\/span><br \/>\n<span class=\"wpcf7-form-control-wrap\" data-name=\"your-email\"><input size=\"40\" class=\"wpcf7-form-control wpcf7-text wpcf7-email wpcf7-validates-as-required wpcf7-validates-as-email tt_input\" aria-required=\"true\" aria-invalid=\"false\" placeholder=\"Email Address\" value=\"\" type=\"email\" name=\"your-email\" \/><\/span><br \/>\n<span class=\"wpcf7-form-control-wrap\" data-name=\"tel\"><input size=\"40\" class=\"wpcf7-form-control wpcf7-text wpcf7-tel wpcf7-validates-as-required wpcf7-validates-as-tel\" aria-required=\"true\" aria-invalid=\"false\" value=\"Your phone number\" type=\"tel\" name=\"tel\" \/><\/span><br \/>\n<span class=\"wpcf7-form-control-wrap\" data-name=\"your-message\"><textarea cols=\"40\" rows=\"10\" class=\"wpcf7-form-control wpcf7-textarea tt_textarea\" aria-invalid=\"false\" placeholder=\"Your message\" name=\"your-message\"><\/textarea><\/span><br \/>\n<input class=\"wpcf7-form-control has-spinner wpcf7-submit tt_submit\" type=\"submit\" value=\"Send\" \/>\n\t<\/p>\n<\/div><div class=\"wpcf7-response-output\" aria-hidden=\"true\"><\/div>\n<\/form>\n<\/div>\n[\/vc_column][vc_column width=&#8221;5\/12&#8243; css=&#8221;.vc_custom_1516273915601{padding-top: 0px !important;padding-right: 0px !important;padding-bottom: 0px !important;padding-left: 0px !important;}&#8221;][vc_single_image image=&#8221;3247&#8243; img_size=&#8221;full&#8221; el_class=&#8221;dfull_img&#8221; css=&#8221;.vc_custom_1604771200786{margin-bottom: 0px !important;}&#8221;][\/vc_column][\/vc_row]<\/p>\n","protected":false},"excerpt":{"rendered":"<p>[vc_row full_width=&#8221;stretch_row&#8221; css=&#8221;.vc_custom_1602726144839{margin-bottom: -65px !important;background-color: #016da8 !important;}&#8221; el_class=&#8221;product-area&#8221;][vc_column width=&#8221;1\/2&#8243;][tt_vc_title_shortcode up_title=&#8221;Distribution&#8221;] Protective work gloves [\/tt_vc_title_shortcode][vc_column_text el_class=&#8221;txt-normal&#8221;]Protective and work gloves are mandatory equipment because hands and fingers are parts of the body that are often injured, so it is necessary to protect them well. [\/vc_column_text][\/vc_column][vc_column width=&#8221;1\/2&#8243; css=&#8221;.vc_custom_1602726243781{margin-bottom: -65px !important;}&#8221;][vc_single_image image=&#8221;3291&#8243; img_size=&#8221;full&#8221; alignment=&#8221;center&#8221; css=&#8221;.vc_custom_1605039113627{margin-bottom: -80px !important;}&#8221; el_class=&#8221;img-product&#8221;][\/vc_column][\/vc_row][vc_row content_placement=&#8221;middle&#8221; [&hellip;]<\/p>\n","protected":false},"author":1,"featured_media":0,"parent":3335,"menu_order":0,"comment_status":"closed","ping_status":"closed","template":"","meta":[],"yoast_head":"<!-- This site is optimized with the Yoast SEO plugin v20.9 - https:\/\/yoast.com\/wordpress\/plugins\/seo\/ -->\n<title>Work Gloves Distribution in Serbia - Jupiter Komerc Arilje<\/title>\n<meta name=\"description\" content=\"Work Gloves Distribution for fruit picking, for work in cold, of polyamide with or without PVC dots.Universal, coarsely knitted gloves of...\" \/>\n<meta name=\"robots\" content=\"index, follow, max-snippet:-1, max-image-preview:large, max-video-preview:-1\" \/>\n<link rel=\"canonical\" href=\"https:\/\/jupiter-komerc.co.rs\/en\/products-jupiter-komerc\/work-gloves-distribution\/\" \/>\n<meta property=\"og:locale\" content=\"en_US\" \/>\n<meta property=\"og:type\" content=\"article\" \/>\n<meta property=\"og:title\" content=\"Work Gloves Distribution in Serbia - Jupiter Komerc Arilje\" \/>\n<meta property=\"og:description\" content=\"Work Gloves Distribution for fruit picking, for work in cold, of polyamide with or without PVC dots.Universal, coarsely knitted gloves of...\" \/>\n<meta property=\"og:url\" content=\"https:\/\/jupiter-komerc.co.rs\/en\/products-jupiter-komerc\/work-gloves-distribution\/\" \/>\n<meta property=\"og:site_name\" content=\"Jupiter Komerc - Plasti\u010dna ambala\u017ea\" \/>\n<meta property=\"article:modified_time\" content=\"2021-05-04T09:02:16+00:00\" \/>\n<meta name=\"twitter:card\" content=\"summary_large_image\" \/>\n<meta name=\"twitter:label1\" content=\"Est. reading time\" \/>\n\t<meta name=\"twitter:data1\" content=\"2 minutes\" \/>\n<script type=\"application\/ld+json\" class=\"yoast-schema-graph\">{\"@context\":\"https:\/\/schema.org\",\"@graph\":[{\"@type\":\"WebPage\",\"@id\":\"https:\/\/jupiter-komerc.co.rs\/en\/products-jupiter-komerc\/work-gloves-distribution\/\",\"url\":\"https:\/\/jupiter-komerc.co.rs\/en\/products-jupiter-komerc\/work-gloves-distribution\/\",\"name\":\"Work Gloves Distribution in Serbia - Jupiter Komerc Arilje\",\"isPartOf\":{\"@id\":\"https:\/\/jupiter-komerc.co.rs\/en\/#website\"},\"datePublished\":\"2020-11-10T20:09:40+00:00\",\"dateModified\":\"2021-05-04T09:02:16+00:00\",\"description\":\"Work Gloves Distribution for fruit picking, for work in cold, of polyamide with or without PVC dots.Universal, coarsely knitted gloves of...\",\"breadcrumb\":{\"@id\":\"https:\/\/jupiter-komerc.co.rs\/en\/products-jupiter-komerc\/work-gloves-distribution\/#breadcrumb\"},\"inLanguage\":\"en-US\",\"potentialAction\":[{\"@type\":\"ReadAction\",\"target\":[\"https:\/\/jupiter-komerc.co.rs\/en\/products-jupiter-komerc\/work-gloves-distribution\/\"]}]},{\"@type\":\"BreadcrumbList\",\"@id\":\"https:\/\/jupiter-komerc.co.rs\/en\/products-jupiter-komerc\/work-gloves-distribution\/#breadcrumb\",\"itemListElement\":[{\"@type\":\"ListItem\",\"position\":1,\"name\":\"Home\",\"item\":\"https:\/\/jupiter-komerc.co.rs\/en\/\"},{\"@type\":\"ListItem\",\"position\":2,\"name\":\"Products\",\"item\":\"https:\/\/jupiter-komerc.co.rs\/en\/products-jupiter-komerc\/\"},{\"@type\":\"ListItem\",\"position\":3,\"name\":\"Work Gloves Distribution\"}]},{\"@type\":\"WebSite\",\"@id\":\"https:\/\/jupiter-komerc.co.rs\/en\/#website\",\"url\":\"https:\/\/jupiter-komerc.co.rs\/en\/\",\"name\":\"Jupiter Komerc - Plasti\u010dna ambala\u017ea\",\"description\":\"Jupiter Komerc &ndash; Plasti\u010dna ambala\u017ea\",\"publisher\":{\"@id\":\"https:\/\/jupiter-komerc.co.rs\/en\/#organization\"},\"potentialAction\":[{\"@type\":\"SearchAction\",\"target\":{\"@type\":\"EntryPoint\",\"urlTemplate\":\"https:\/\/jupiter-komerc.co.rs\/en\/?s={search_term_string}\"},\"query-input\":\"required name=search_term_string\"}],\"inLanguage\":\"en-US\"},{\"@type\":\"Organization\",\"@id\":\"https:\/\/jupiter-komerc.co.rs\/en\/#organization\",\"name\":\"Jupiter Komerc D.O.O\",\"url\":\"https:\/\/jupiter-komerc.co.rs\/en\/\",\"logo\":{\"@type\":\"ImageObject\",\"inLanguage\":\"en-US\",\"@id\":\"https:\/\/jupiter-komerc.co.rs\/en\/#\/schema\/logo\/image\/\",\"url\":\"https:\/\/jupiter-komerc.co.rs\/wp-content\/uploads\/2020\/10\/jupiter-komerc-logo.png\",\"contentUrl\":\"https:\/\/jupiter-komerc.co.rs\/wp-content\/uploads\/2020\/10\/jupiter-komerc-logo.png\",\"width\":229,\"height\":59,\"caption\":\"Jupiter Komerc D.O.O\"},\"image\":{\"@id\":\"https:\/\/jupiter-komerc.co.rs\/en\/#\/schema\/logo\/image\/\"}}]}<\/script>\n<!-- \/ Yoast SEO plugin. -->","yoast_head_json":{"title":"Work Gloves Distribution in Serbia - Jupiter Komerc Arilje","description":"Work Gloves Distribution for fruit picking, for work in cold, of polyamide with or without PVC dots.Universal, coarsely knitted gloves of...","robots":{"index":"index","follow":"follow","max-snippet":"max-snippet:-1","max-image-preview":"max-image-preview:large","max-video-preview":"max-video-preview:-1"},"canonical":"https:\/\/jupiter-komerc.co.rs\/en\/products-jupiter-komerc\/work-gloves-distribution\/","og_locale":"en_US","og_type":"article","og_title":"Work Gloves Distribution in Serbia - Jupiter Komerc Arilje","og_description":"Work Gloves Distribution for fruit picking, for work in cold, of polyamide with or without PVC dots.Universal, coarsely knitted gloves of...","og_url":"https:\/\/jupiter-komerc.co.rs\/en\/products-jupiter-komerc\/work-gloves-distribution\/","og_site_name":"Jupiter Komerc - Plasti\u010dna ambala\u017ea","article_modified_time":"2021-05-04T09:02:16+00:00","twitter_card":"summary_large_image","twitter_misc":{"Est. reading time":"2 minutes"},"schema":{"@context":"https:\/\/schema.org","@graph":[{"@type":"WebPage","@id":"https:\/\/jupiter-komerc.co.rs\/en\/products-jupiter-komerc\/work-gloves-distribution\/","url":"https:\/\/jupiter-komerc.co.rs\/en\/products-jupiter-komerc\/work-gloves-distribution\/","name":"Work Gloves Distribution in Serbia - Jupiter Komerc Arilje","isPartOf":{"@id":"https:\/\/jupiter-komerc.co.rs\/en\/#website"},"datePublished":"2020-11-10T20:09:40+00:00","dateModified":"2021-05-04T09:02:16+00:00","description":"Work Gloves Distribution for fruit picking, for work in cold, of polyamide with or without PVC dots.Universal, coarsely knitted gloves of...","breadcrumb":{"@id":"https:\/\/jupiter-komerc.co.rs\/en\/products-jupiter-komerc\/work-gloves-distribution\/#breadcrumb"},"inLanguage":"en-US","potentialAction":[{"@type":"ReadAction","target":["https:\/\/jupiter-komerc.co.rs\/en\/products-jupiter-komerc\/work-gloves-distribution\/"]}]},{"@type":"BreadcrumbList","@id":"https:\/\/jupiter-komerc.co.rs\/en\/products-jupiter-komerc\/work-gloves-distribution\/#breadcrumb","itemListElement":[{"@type":"ListItem","position":1,"name":"Home","item":"https:\/\/jupiter-komerc.co.rs\/en\/"},{"@type":"ListItem","position":2,"name":"Products","item":"https:\/\/jupiter-komerc.co.rs\/en\/products-jupiter-komerc\/"},{"@type":"ListItem","position":3,"name":"Work Gloves Distribution"}]},{"@type":"WebSite","@id":"https:\/\/jupiter-komerc.co.rs\/en\/#website","url":"https:\/\/jupiter-komerc.co.rs\/en\/","name":"Jupiter Komerc - Plasti\u010dna ambala\u017ea","description":"Jupiter Komerc &ndash; Plasti\u010dna ambala\u017ea","publisher":{"@id":"https:\/\/jupiter-komerc.co.rs\/en\/#organization"},"potentialAction":[{"@type":"SearchAction","target":{"@type":"EntryPoint","urlTemplate":"https:\/\/jupiter-komerc.co.rs\/en\/?s={search_term_string}"},"query-input":"required name=search_term_string"}],"inLanguage":"en-US"},{"@type":"Organization","@id":"https:\/\/jupiter-komerc.co.rs\/en\/#organization","name":"Jupiter Komerc D.O.O","url":"https:\/\/jupiter-komerc.co.rs\/en\/","logo":{"@type":"ImageObject","inLanguage":"en-US","@id":"https:\/\/jupiter-komerc.co.rs\/en\/#\/schema\/logo\/image\/","url":"https:\/\/jupiter-komerc.co.rs\/wp-content\/uploads\/2020\/10\/jupiter-komerc-logo.png","contentUrl":"https:\/\/jupiter-komerc.co.rs\/wp-content\/uploads\/2020\/10\/jupiter-komerc-logo.png","width":229,"height":59,"caption":"Jupiter Komerc D.O.O"},"image":{"@id":"https:\/\/jupiter-komerc.co.rs\/en\/#\/schema\/logo\/image\/"}}]}},"_links":{"self":[{"href":"https:\/\/jupiter-komerc.co.rs\/en\/wp-json\/wp\/v2\/pages\/3376"}],"collection":[{"href":"https:\/\/jupiter-komerc.co.rs\/en\/wp-json\/wp\/v2\/pages"}],"about":[{"href":"https:\/\/jupiter-komerc.co.rs\/en\/wp-json\/wp\/v2\/types\/page"}],"author":[{"embeddable":true,"href":"https:\/\/jupiter-komerc.co.rs\/en\/wp-json\/wp\/v2\/users\/1"}],"replies":[{"embeddable":true,"href":"https:\/\/jupiter-komerc.co.rs\/en\/wp-json\/wp\/v2\/comments?post=3376"}],"version-history":[{"count":4,"href":"https:\/\/jupiter-komerc.co.rs\/en\/wp-json\/wp\/v2\/pages\/3376\/revisions"}],"predecessor-version":[{"id":3380,"href":"https:\/\/jupiter-komerc.co.rs\/en\/wp-json\/wp\/v2\/pages\/3376\/revisions\/3380"}],"up":[{"embeddable":true,"href":"https:\/\/jupiter-komerc.co.rs\/en\/wp-json\/wp\/v2\/pages\/3335"}],"wp:attachment":[{"href":"https:\/\/jupiter-komerc.co.rs\/en\/wp-json\/wp\/v2\/media?parent=3376"}],"curies":[{"name":"wp","href":"https:\/\/api.w.org\/{rel}","templated":true}]}}