{"id":3363,"date":"2018-01-16T11:05:59","date_gmt":"2018-01-16T11:05:59","guid":{"rendered":"https:\/\/jupiter-komerc.co.rs\/products-jupiter-komerc\/pet-predforme-za-pet-ambalazu\/"},"modified":"2022-03-11T17:03:03","modified_gmt":"2022-03-11T17:03:03","slug":"pet-predforms-for-bottles","status":"publish","type":"page","link":"https:\/\/jupiter-komerc.co.rs\/en\/products-jupiter-komerc\/pet-predforms-for-bottles\/","title":{"rendered":"PET Predforms"},"content":{"rendered":"<p>[vc_row full_width=&#8221;stretch_row&#8221; css=&#8221;.vc_custom_1602726144839{margin-bottom: -65px !important;background-color: #016da8 !important;}&#8221; el_class=&#8221;product-area&#8221;][vc_column width=&#8221;1\/2&#8243;][tt_vc_title_shortcode up_title=&#8221;Product&#8221;]PET predform<\/p>\n<div id=\"gtx-trans\" style=\"position: absolute; left: 87px; top: 45px;\">\n<div class=\"gtx-trans-icon\"><\/div>\n<\/div>\n<p>[\/tt_vc_title_shortcode][vc_column_text el_class=&#8221;txt-normal&#8221;]Jupiter Komerc is a company specialized in producing PET preforms of which bottles are produced for filling with water, refreshing drinks, milk, and dairy products.[\/vc_column_text][\/vc_column][vc_column width=&#8221;1\/2&#8243; css=&#8221;.vc_custom_1602726243781{margin-bottom: -65px !important;}&#8221;][vc_single_image image=&#8221;3243&#8243; img_size=&#8221;full&#8221; alignment=&#8221;center&#8221; css=&#8221;.vc_custom_1602722516455{margin-bottom: -80px !important;}&#8221; el_class=&#8221;img-product&#8221;][\/vc_column][\/vc_row][vc_row content_placement=&#8221;middle&#8221; css=&#8221;.vc_custom_1602757878588{padding-bottom: 4% !important;}&#8221; el_id=&#8221;float-img-fix&#8221;][vc_column width=&#8221;1\/2&#8243;][vc_column_text]<\/p>\n<h3>PET packaging<\/h3>\n<p>[\/vc_column_text][vc_column_text]<strong>Polyethylene terephthalate<\/strong> is a polymer material that is most used for fiber production that is used in the textile industry and then it&#8217;s <strong>called polyester<\/strong>.<br \/>\nWhen it&#8217;s used for producing disposable packaging (mostly food or non-alcoholic beverages, water, and dairy products) it&#8217;s <strong>called PET (Polyethylene terephthalate).<\/strong><br \/>\nGlass packaging was more than a thousand years perfect solution for fluid storage. However, the modern age requires cheaper packaging, which is easily transported and is larger in volume. That led to the development of plastic, especially <strong>PET packaging.<\/strong>[\/vc_column_text][\/vc_column][vc_column width=&#8221;1\/2&#8243;][vc_column_text el_class=&#8221;product-txt-info&#8221;]RANGE OF PRODUCTION<\/p>\n<h3>NECK 38mm<\/h3>\n<div class=\"line\"><\/div>\n<p class=\"txt-product-gr\">17gr; 19gr; 26,5gr; 28gr; 37,5gr; 43gr; 72gr; 74gr;<\/p>\n<p>[\/vc_column_text][\/vc_column][\/vc_row][vc_row full_width=&#8221;stretch_row&#8221; css=&#8221;.vc_custom_1605203768708{padding-top: 50px !important;padding-bottom: 65px !important;background-color: #eeeeee !important;}&#8221;][vc_column css=&#8221;.vc_custom_1531118161332{padding-top: 0px !important;}&#8221;][vc_column_text]<\/p>\n<h3 class=\"title\">PET preforms purpose<\/h3>\n<p>[\/vc_column_text][vc_row_inner][vc_column_inner width=&#8221;1\/2&#8243;][vc_column_text]<strong>17 gr<\/strong> PET preform designed for bottles <strong>from 0,33 to 0,5 L<\/strong><br \/>\n<strong>19 gr<\/strong> PET preform designed for bottles <strong>from 0,33 to 0,5 L<\/strong><br \/>\n<strong>26,5 gr<\/strong> PET preform designed for bottles <strong>from 0,75 to 1 L<\/strong><br \/>\n<strong>28 gr<\/strong> PET preform designed for bottles <strong>from 0,75 to 1 L<\/strong>[\/vc_column_text][\/vc_column_inner][vc_column_inner width=&#8221;1\/2&#8243;][vc_column_text]<strong>37,5 gr<\/strong> PET preform designed for bottles <strong>from 1,5 to 2 L<\/strong><br \/>\n<strong>42 gr<\/strong> PET preform designed for bottles <strong>from 1,5 do 2 L<\/strong><br \/>\n<strong>72 gr<\/strong> PET preform designed for bottles <strong>from 5 L<\/strong><br \/>\n<strong>74 gr<\/strong> PET preform designed for bottles <strong>from 6 L <\/strong>[\/vc_column_text][\/vc_column_inner][\/vc_row_inner][\/vc_column][\/vc_row][vc_row full_width=&#8221;stretch_row&#8221; el_class=&#8221;fun-fact-area dark-v&#8221; css=&#8221;.vc_custom_1532091802187{padding-top: 100px !important;padding-bottom: 65px !important;}&#8221;][vc_column width=&#8221;1\/4&#8243; css=&#8221;.vc_custom_1531118161332{padding-top: 0px !important;}&#8221;][vc_column_text]<\/p>\n<h3 class=\"title\"><strong>PET Predforms<\/strong><\/h3>\n<p>[\/vc_column_text][\/vc_column][vc_column width=&#8221;1\/4&#8243; css=&#8221;.vc_custom_1531117825631{padding-top: 0px !important;}&#8221;][tt_vc_countdown_shortcode number=&#8221;45500000&#8243; label=&#8221;PRODUCTION CAPACITY OF PREFORMS&#8221;][\/vc_column][vc_column width=&#8221;1\/4&#8243; css=&#8221;.vc_custom_1531117832989{padding-top: 0px !important;}&#8221;][tt_vc_countdown_shortcode number=&#8221;58000000&#8243; label=&#8221;MONTHLY CAPACITY&#8221;][\/vc_column][vc_column width=&#8221;1\/4&#8243; css=&#8221;.vc_custom_1531117837291{padding-top: 0px !important;}&#8221;][tt_vc_countdown_shortcode number=&#8221;15&#8243; label=&#8221;AVAILABLE COLORS&#8221;][\/vc_column][\/vc_row][vc_row css=&#8221;.vc_custom_1604762270611{padding-top: 4% !important;padding-bottom: 4% !important;}&#8221;][vc_column width=&#8221;1\/4&#8243;][vc_single_image image=&#8221;3266&#8243; img_size=&#8221;full&#8221; alignment=&#8221;right&#8221; onclick=&#8221;link_image&#8221;][\/vc_column][vc_column width=&#8221;1\/4&#8243;][vc_single_image image=&#8221;3267&#8243; img_size=&#8221;full&#8221; alignment=&#8221;center&#8221; onclick=&#8221;link_image&#8221;][\/vc_column][vc_column width=&#8221;1\/4&#8243;][vc_single_image image=&#8221;3268&#8243; img_size=&#8221;full&#8221; alignment=&#8221;center&#8221; onclick=&#8221;link_image&#8221;][\/vc_column][vc_column width=&#8221;1\/4&#8243;][vc_single_image image=&#8221;3265&#8243; img_size=&#8221;full&#8221; alignment=&#8221;center&#8221; onclick=&#8221;link_image&#8221;][\/vc_column][\/vc_row][vc_row full_width=&#8221;stretch_row&#8221; el_class=&#8221;klijenti-bg&#8221; css=&#8221;.vc_custom_1602756529125{padding-top: 5% !important;}&#8221;][vc_column][tt_vc_title_shortcode up_title=&#8221;We earned their trust&#8221;]Our proud clients<\/p>\n<div id=\"gtx-trans\" style=\"position: absolute; left: 217px; top: 45px;\">\n<div class=\"gtx-trans-icon\"><\/div>\n<\/div>\n<p>[\/tt_vc_title_shortcode][vc_row_inner][vc_column_inner width=&#8221;1\/5&#8243; offset=&#8221;vc_col-xs-6&#8243;][vc_single_image image=&#8221;3307&#8243; img_size=&#8221;full&#8221; alignment=&#8221;center&#8221; el_class=&#8221;img-logo&#8221;][\/vc_column_inner][vc_column_inner width=&#8221;1\/5&#8243; offset=&#8221;vc_col-xs-6&#8243;][vc_single_image image=&#8221;3412&#8243; img_size=&#8221;full&#8221; alignment=&#8221;center&#8221; el_class=&#8221;img-logo&#8221;][\/vc_column_inner][vc_column_inner width=&#8221;1\/5&#8243; offset=&#8221;vc_col-xs-6&#8243;][vc_single_image image=&#8221;3309&#8243; img_size=&#8221;full&#8221; alignment=&#8221;center&#8221; el_class=&#8221;img-logo&#8221;][\/vc_column_inner][vc_column_inner width=&#8221;1\/5&#8243;][\/vc_column_inner][vc_column_inner width=&#8221;1\/5&#8243;][\/vc_column_inner][\/vc_row_inner][\/vc_column][\/vc_row][vc_row full_width=&#8221;stretch_row_content_no_spaces&#8221; content_placement=&#8221;middle&#8221; el_class=&#8221;request-a-qoute home-page-two&#8221;][vc_column width=&#8221;7\/12&#8243; el_class=&#8221;request-a-qoute-content&#8221; css=&#8221;.vc_custom_1532943005905{padding-top: 50px !important;padding-right: 0px !important;padding-bottom: 40px !important;padding-left: 0px !important;}&#8221;][vc_column_text]<\/p>\n<div class=\"title\">\n<h2>Make an appointment<\/h2>\n<\/div>\n<div id=\"gtx-trans\" style=\"position: absolute; left: 122px; top: -12px;\">\n<div class=\"gtx-trans-icon\"><\/div>\n<\/div>\n<p>[\/vc_column_text]\n<div class=\"wpcf7 no-js\" id=\"wpcf7-f3351-o1\" lang=\"en-US\" dir=\"ltr\">\n<div class=\"screen-reader-response\"><p role=\"status\" aria-live=\"polite\" aria-atomic=\"true\"><\/p> <ul><\/ul><\/div>\n<form action=\"\/en\/wp-json\/wp\/v2\/pages\/3363#wpcf7-f3351-o1\" method=\"post\" class=\"wpcf7-form init\" aria-label=\"Contact form\" novalidate=\"novalidate\" data-status=\"init\">\n<div style=\"display: none;\">\n<input type=\"hidden\" name=\"_wpcf7\" value=\"3351\" \/>\n<input type=\"hidden\" name=\"_wpcf7_version\" value=\"5.7.7\" \/>\n<input type=\"hidden\" name=\"_wpcf7_locale\" value=\"en_US\" \/>\n<input type=\"hidden\" name=\"_wpcf7_unit_tag\" value=\"wpcf7-f3351-o1\" \/>\n<input type=\"hidden\" name=\"_wpcf7_container_post\" value=\"0\" \/>\n<input type=\"hidden\" name=\"_wpcf7_posted_data_hash\" value=\"\" \/>\n<input type=\"hidden\" name=\"_wpcf7_recaptcha_response\" value=\"\" \/>\n<\/div>\n<div>\n\t<p><span class=\"wpcf7-form-control-wrap\" data-name=\"your-name\"><input size=\"40\" class=\"wpcf7-form-control wpcf7-text wpcf7-validates-as-required tt_input\" aria-required=\"true\" aria-invalid=\"false\" placeholder=\"Name\" value=\"\" type=\"text\" name=\"your-name\" \/><\/span><br \/>\n<span class=\"wpcf7-form-control-wrap\" data-name=\"your-email\"><input size=\"40\" class=\"wpcf7-form-control wpcf7-text wpcf7-email wpcf7-validates-as-required wpcf7-validates-as-email tt_input\" aria-required=\"true\" aria-invalid=\"false\" placeholder=\"Email Address\" value=\"\" type=\"email\" name=\"your-email\" \/><\/span><br \/>\n<span class=\"wpcf7-form-control-wrap\" data-name=\"tel\"><input size=\"40\" class=\"wpcf7-form-control wpcf7-text wpcf7-tel wpcf7-validates-as-required wpcf7-validates-as-tel\" aria-required=\"true\" aria-invalid=\"false\" value=\"Your phone number\" type=\"tel\" name=\"tel\" \/><\/span><br \/>\n<span class=\"wpcf7-form-control-wrap\" data-name=\"your-message\"><textarea cols=\"40\" rows=\"10\" class=\"wpcf7-form-control wpcf7-textarea tt_textarea\" aria-invalid=\"false\" placeholder=\"Your message\" name=\"your-message\"><\/textarea><\/span><br \/>\n<input class=\"wpcf7-form-control has-spinner wpcf7-submit tt_submit\" type=\"submit\" value=\"Send\" \/>\n\t<\/p>\n<\/div><div class=\"wpcf7-response-output\" aria-hidden=\"true\"><\/div>\n<\/form>\n<\/div>\n[\/vc_column][vc_column width=&#8221;5\/12&#8243; css=&#8221;.vc_custom_1516273915601{padding-top: 0px !important;padding-right: 0px !important;padding-bottom: 0px !important;padding-left: 0px !important;}&#8221;][vc_single_image image=&#8221;3247&#8243; img_size=&#8221;full&#8221; el_class=&#8221;dfull_img&#8221; css=&#8221;.vc_custom_1604771200786{margin-bottom: 0px !important;}&#8221;][\/vc_column][\/vc_row]<\/p>\n","protected":false},"excerpt":{"rendered":"<p>[vc_row full_width=&#8221;stretch_row&#8221; css=&#8221;.vc_custom_1602726144839{margin-bottom: -65px !important;background-color: #016da8 !important;}&#8221; el_class=&#8221;product-area&#8221;][vc_column width=&#8221;1\/2&#8243;][tt_vc_title_shortcode up_title=&#8221;Product&#8221;]PET predform [\/tt_vc_title_shortcode][vc_column_text el_class=&#8221;txt-normal&#8221;]Jupiter Komerc is a company specialized in producing PET preforms of which bottles are produced for filling with water, refreshing drinks, milk, and dairy products.[\/vc_column_text][\/vc_column][vc_column width=&#8221;1\/2&#8243; css=&#8221;.vc_custom_1602726243781{margin-bottom: -65px !important;}&#8221;][vc_single_image image=&#8221;3243&#8243; img_size=&#8221;full&#8221; alignment=&#8221;center&#8221; css=&#8221;.vc_custom_1602722516455{margin-bottom: -80px !important;}&#8221; el_class=&#8221;img-product&#8221;][\/vc_column][\/vc_row][vc_row content_placement=&#8221;middle&#8221; css=&#8221;.vc_custom_1602757878588{padding-bottom: 4% !important;}&#8221; el_id=&#8221;float-img-fix&#8221;][vc_column width=&#8221;1\/2&#8243;][vc_column_text] PET [&hellip;]<\/p>\n","protected":false},"author":1,"featured_media":0,"parent":3335,"menu_order":0,"comment_status":"closed","ping_status":"closed","template":"","meta":[],"yoast_head":"<!-- This site is optimized with the Yoast SEO plugin v20.9 - https:\/\/yoast.com\/wordpress\/plugins\/seo\/ -->\n<title>PET Predforms for plastic bottles - Jupiter Komerc Arilje<\/title>\n<meta name=\"description\" content=\"Pet predforme for bottles - The company is specialized in producing PET preforms of which bottles are produced for refreshing drinks, milk...\" \/>\n<meta name=\"robots\" content=\"index, follow, max-snippet:-1, max-image-preview:large, max-video-preview:-1\" \/>\n<link rel=\"canonical\" href=\"https:\/\/jupiter-komerc.co.rs\/en\/products-jupiter-komerc\/pet-predforms-for-bottles\/\" \/>\n<meta property=\"og:locale\" content=\"en_US\" \/>\n<meta property=\"og:type\" content=\"article\" \/>\n<meta property=\"og:title\" content=\"PET Predforms for plastic bottles - Jupiter Komerc Arilje\" \/>\n<meta property=\"og:description\" content=\"Pet predforme for bottles - The company is specialized in producing PET preforms of which bottles are produced for refreshing drinks, milk...\" \/>\n<meta property=\"og:url\" content=\"https:\/\/jupiter-komerc.co.rs\/en\/products-jupiter-komerc\/pet-predforms-for-bottles\/\" \/>\n<meta property=\"og:site_name\" content=\"Jupiter Komerc - Plasti\u010dna ambala\u017ea\" \/>\n<meta property=\"article:modified_time\" content=\"2022-03-11T17:03:03+00:00\" \/>\n<meta name=\"twitter:card\" content=\"summary_large_image\" \/>\n<meta name=\"twitter:label1\" content=\"Est. reading time\" \/>\n\t<meta name=\"twitter:data1\" content=\"3 minutes\" \/>\n<script type=\"application\/ld+json\" class=\"yoast-schema-graph\">{\"@context\":\"https:\/\/schema.org\",\"@graph\":[{\"@type\":\"WebPage\",\"@id\":\"https:\/\/jupiter-komerc.co.rs\/en\/products-jupiter-komerc\/pet-predforms-for-bottles\/\",\"url\":\"https:\/\/jupiter-komerc.co.rs\/en\/products-jupiter-komerc\/pet-predforms-for-bottles\/\",\"name\":\"PET Predforms for plastic bottles - Jupiter Komerc Arilje\",\"isPartOf\":{\"@id\":\"https:\/\/jupiter-komerc.co.rs\/en\/#website\"},\"datePublished\":\"2018-01-16T11:05:59+00:00\",\"dateModified\":\"2022-03-11T17:03:03+00:00\",\"description\":\"Pet predforme for bottles - The company is specialized in producing PET preforms of which bottles are produced for refreshing drinks, milk...\",\"breadcrumb\":{\"@id\":\"https:\/\/jupiter-komerc.co.rs\/en\/products-jupiter-komerc\/pet-predforms-for-bottles\/#breadcrumb\"},\"inLanguage\":\"en-US\",\"potentialAction\":[{\"@type\":\"ReadAction\",\"target\":[\"https:\/\/jupiter-komerc.co.rs\/en\/products-jupiter-komerc\/pet-predforms-for-bottles\/\"]}]},{\"@type\":\"BreadcrumbList\",\"@id\":\"https:\/\/jupiter-komerc.co.rs\/en\/products-jupiter-komerc\/pet-predforms-for-bottles\/#breadcrumb\",\"itemListElement\":[{\"@type\":\"ListItem\",\"position\":1,\"name\":\"Home\",\"item\":\"https:\/\/jupiter-komerc.co.rs\/en\/\"},{\"@type\":\"ListItem\",\"position\":2,\"name\":\"Products\",\"item\":\"https:\/\/jupiter-komerc.co.rs\/en\/products-jupiter-komerc\/\"},{\"@type\":\"ListItem\",\"position\":3,\"name\":\"PET Predforms\"}]},{\"@type\":\"WebSite\",\"@id\":\"https:\/\/jupiter-komerc.co.rs\/en\/#website\",\"url\":\"https:\/\/jupiter-komerc.co.rs\/en\/\",\"name\":\"Jupiter Komerc - Plasti\u010dna ambala\u017ea\",\"description\":\"Jupiter Komerc &ndash; Plasti\u010dna ambala\u017ea\",\"publisher\":{\"@id\":\"https:\/\/jupiter-komerc.co.rs\/en\/#organization\"},\"potentialAction\":[{\"@type\":\"SearchAction\",\"target\":{\"@type\":\"EntryPoint\",\"urlTemplate\":\"https:\/\/jupiter-komerc.co.rs\/en\/?s={search_term_string}\"},\"query-input\":\"required name=search_term_string\"}],\"inLanguage\":\"en-US\"},{\"@type\":\"Organization\",\"@id\":\"https:\/\/jupiter-komerc.co.rs\/en\/#organization\",\"name\":\"Jupiter Komerc D.O.O\",\"url\":\"https:\/\/jupiter-komerc.co.rs\/en\/\",\"logo\":{\"@type\":\"ImageObject\",\"inLanguage\":\"en-US\",\"@id\":\"https:\/\/jupiter-komerc.co.rs\/en\/#\/schema\/logo\/image\/\",\"url\":\"https:\/\/jupiter-komerc.co.rs\/wp-content\/uploads\/2020\/10\/jupiter-komerc-logo.png\",\"contentUrl\":\"https:\/\/jupiter-komerc.co.rs\/wp-content\/uploads\/2020\/10\/jupiter-komerc-logo.png\",\"width\":229,\"height\":59,\"caption\":\"Jupiter Komerc D.O.O\"},\"image\":{\"@id\":\"https:\/\/jupiter-komerc.co.rs\/en\/#\/schema\/logo\/image\/\"}}]}<\/script>\n<!-- \/ Yoast SEO plugin. -->","yoast_head_json":{"title":"PET Predforms for plastic bottles - Jupiter Komerc Arilje","description":"Pet predforme for bottles - The company is specialized in producing PET preforms of which bottles are produced for refreshing drinks, milk...","robots":{"index":"index","follow":"follow","max-snippet":"max-snippet:-1","max-image-preview":"max-image-preview:large","max-video-preview":"max-video-preview:-1"},"canonical":"https:\/\/jupiter-komerc.co.rs\/en\/products-jupiter-komerc\/pet-predforms-for-bottles\/","og_locale":"en_US","og_type":"article","og_title":"PET Predforms for plastic bottles - Jupiter Komerc Arilje","og_description":"Pet predforme for bottles - The company is specialized in producing PET preforms of which bottles are produced for refreshing drinks, milk...","og_url":"https:\/\/jupiter-komerc.co.rs\/en\/products-jupiter-komerc\/pet-predforms-for-bottles\/","og_site_name":"Jupiter Komerc - Plasti\u010dna ambala\u017ea","article_modified_time":"2022-03-11T17:03:03+00:00","twitter_card":"summary_large_image","twitter_misc":{"Est. reading time":"3 minutes"},"schema":{"@context":"https:\/\/schema.org","@graph":[{"@type":"WebPage","@id":"https:\/\/jupiter-komerc.co.rs\/en\/products-jupiter-komerc\/pet-predforms-for-bottles\/","url":"https:\/\/jupiter-komerc.co.rs\/en\/products-jupiter-komerc\/pet-predforms-for-bottles\/","name":"PET Predforms for plastic bottles - Jupiter Komerc Arilje","isPartOf":{"@id":"https:\/\/jupiter-komerc.co.rs\/en\/#website"},"datePublished":"2018-01-16T11:05:59+00:00","dateModified":"2022-03-11T17:03:03+00:00","description":"Pet predforme for bottles - The company is specialized in producing PET preforms of which bottles are produced for refreshing drinks, milk...","breadcrumb":{"@id":"https:\/\/jupiter-komerc.co.rs\/en\/products-jupiter-komerc\/pet-predforms-for-bottles\/#breadcrumb"},"inLanguage":"en-US","potentialAction":[{"@type":"ReadAction","target":["https:\/\/jupiter-komerc.co.rs\/en\/products-jupiter-komerc\/pet-predforms-for-bottles\/"]}]},{"@type":"BreadcrumbList","@id":"https:\/\/jupiter-komerc.co.rs\/en\/products-jupiter-komerc\/pet-predforms-for-bottles\/#breadcrumb","itemListElement":[{"@type":"ListItem","position":1,"name":"Home","item":"https:\/\/jupiter-komerc.co.rs\/en\/"},{"@type":"ListItem","position":2,"name":"Products","item":"https:\/\/jupiter-komerc.co.rs\/en\/products-jupiter-komerc\/"},{"@type":"ListItem","position":3,"name":"PET Predforms"}]},{"@type":"WebSite","@id":"https:\/\/jupiter-komerc.co.rs\/en\/#website","url":"https:\/\/jupiter-komerc.co.rs\/en\/","name":"Jupiter Komerc - Plasti\u010dna ambala\u017ea","description":"Jupiter Komerc &ndash; Plasti\u010dna ambala\u017ea","publisher":{"@id":"https:\/\/jupiter-komerc.co.rs\/en\/#organization"},"potentialAction":[{"@type":"SearchAction","target":{"@type":"EntryPoint","urlTemplate":"https:\/\/jupiter-komerc.co.rs\/en\/?s={search_term_string}"},"query-input":"required name=search_term_string"}],"inLanguage":"en-US"},{"@type":"Organization","@id":"https:\/\/jupiter-komerc.co.rs\/en\/#organization","name":"Jupiter Komerc D.O.O","url":"https:\/\/jupiter-komerc.co.rs\/en\/","logo":{"@type":"ImageObject","inLanguage":"en-US","@id":"https:\/\/jupiter-komerc.co.rs\/en\/#\/schema\/logo\/image\/","url":"https:\/\/jupiter-komerc.co.rs\/wp-content\/uploads\/2020\/10\/jupiter-komerc-logo.png","contentUrl":"https:\/\/jupiter-komerc.co.rs\/wp-content\/uploads\/2020\/10\/jupiter-komerc-logo.png","width":229,"height":59,"caption":"Jupiter Komerc D.O.O"},"image":{"@id":"https:\/\/jupiter-komerc.co.rs\/en\/#\/schema\/logo\/image\/"}}]}},"_links":{"self":[{"href":"https:\/\/jupiter-komerc.co.rs\/en\/wp-json\/wp\/v2\/pages\/3363"}],"collection":[{"href":"https:\/\/jupiter-komerc.co.rs\/en\/wp-json\/wp\/v2\/pages"}],"about":[{"href":"https:\/\/jupiter-komerc.co.rs\/en\/wp-json\/wp\/v2\/types\/page"}],"author":[{"embeddable":true,"href":"https:\/\/jupiter-komerc.co.rs\/en\/wp-json\/wp\/v2\/users\/1"}],"replies":[{"embeddable":true,"href":"https:\/\/jupiter-komerc.co.rs\/en\/wp-json\/wp\/v2\/comments?post=3363"}],"version-history":[{"count":5,"href":"https:\/\/jupiter-komerc.co.rs\/en\/wp-json\/wp\/v2\/pages\/3363\/revisions"}],"predecessor-version":[{"id":3431,"href":"https:\/\/jupiter-komerc.co.rs\/en\/wp-json\/wp\/v2\/pages\/3363\/revisions\/3431"}],"up":[{"embeddable":true,"href":"https:\/\/jupiter-komerc.co.rs\/en\/wp-json\/wp\/v2\/pages\/3335"}],"wp:attachment":[{"href":"https:\/\/jupiter-komerc.co.rs\/en\/wp-json\/wp\/v2\/media?parent=3363"}],"curies":[{"name":"wp","href":"https:\/\/api.w.org\/{rel}","templated":true}]}}