{"id":3352,"date":"2020-11-07T17:42:38","date_gmt":"2020-11-07T17:42:38","guid":{"rendered":"https:\/\/jupiter-komerc.co.rs\/?page_id=3352"},"modified":"2021-05-03T09:39:18","modified_gmt":"2021-05-03T09:39:18","slug":"plastic-caps-manufacturing","status":"publish","type":"page","link":"https:\/\/jupiter-komerc.co.rs\/en\/products-jupiter-komerc\/plastic-caps-manufacturing\/","title":{"rendered":"Plastic caps"},"content":{"rendered":"<p>[vc_row full_width=&#8221;stretch_row&#8221; css=&#8221;.vc_custom_1602726144839{margin-bottom: -65px !important;background-color: #016da8 !important;}&#8221; el_class=&#8221;product-area&#8221;][vc_column width=&#8221;1\/3&#8243;][tt_vc_title_shortcode up_title=&#8221;Product&#8221;]Plastic caps<\/p>\n<div id=\"gtx-trans\" style=\"position: absolute; left: 67px; top: -7px;\">\n<div class=\"gtx-trans-icon\"><\/div>\n<\/div>\n<p>[\/tt_vc_title_shortcode][vc_column_text el_class=&#8221;txt-normal&#8221;]The company Jupiter Komerc in its production program has plastic caps of 38mm neck designed for closing PET bottles.[\/vc_column_text][vc_single_image image=&#8221;3272&#8243; img_size=&#8221;full&#8221; css=&#8221;.vc_custom_1604771647554{margin-bottom: -30px !important;}&#8221;][\/vc_column][vc_column width=&#8221;2\/3&#8243; css=&#8221;.vc_custom_1602726243781{margin-bottom: -65px !important;}&#8221;][vc_video link=&#8221;https:\/\/youtu.be\/-EKReVlYkDo&#8221;][\/vc_column][\/vc_row][vc_row content_placement=&#8221;middle&#8221; css=&#8221;.vc_custom_1604771125761{padding-top: 70px !important;padding-bottom: 50px !important;}&#8221;][vc_column width=&#8221;1\/2&#8243;][vc_column_text]<\/p>\n<h3>Purpose of plastic bottle caps<\/h3>\n<p>[\/vc_column_text][vc_column_text]In offer are <strong>one-piece plastic caps of 38mm neck<\/strong> with a system of double sealing for water, refreshing beverages, milk, and dairy products.<\/p>\n<p>Production technology of these types of caps is compression molding.<\/p>\n<p><strong>Caps<\/strong> are produced from <strong>original high-quality polyethylene<\/strong> in controlled technological procedures, they have all product-related health analysis that comes in touch with food and are made in the color desired by the customer.[\/vc_column_text][\/vc_column][vc_column width=&#8221;1\/2&#8243;][vc_column_text el_class=&#8221;product-txt-info&#8221;]RANGE OF PRODUCTION<\/p>\n<h3>NECK 38mm<\/h3>\n<div class=\"line\"><\/div>\n<p class=\"txt-product-gr\">Wide color palette<\/p>\n<p>[\/vc_column_text][\/vc_column][\/vc_row][vc_row full_width=&#8221;stretch_row&#8221; el_class=&#8221;fun-fact-area dark-v&#8221; css=&#8221;.vc_custom_1532091802187{padding-top: 100px !important;padding-bottom: 65px !important;}&#8221;][vc_column width=&#8221;1\/4&#8243; css=&#8221;.vc_custom_1531118161332{padding-top: 0px !important;}&#8221;][vc_column_text]<\/p>\n<h3 class=\"title\"><strong>Plastic Caps<\/strong><\/h3>\n<div id=\"gtx-trans\" style=\"position: absolute; left: 60px; top: -11px;\">\n<div class=\"gtx-trans-icon\"><\/div>\n<\/div>\n<p>[\/vc_column_text][\/vc_column][vc_column width=&#8221;1\/4&#8243; css=&#8221;.vc_custom_1531117825631{padding-top: 0px !important;}&#8221;][tt_vc_countdown_shortcode number=&#8221;96000000&#8243; label=&#8221;PRODUCTION CAPACITY OF CAPS&#8221;][\/vc_column][vc_column width=&#8221;1\/4&#8243; css=&#8221;.vc_custom_1531117832989{padding-top: 0px !important;}&#8221;][tt_vc_countdown_shortcode number=&#8221;8000000&#8243; label=&#8221;MONTHLY CAPACITY&#8221;][\/vc_column][vc_column width=&#8221;1\/4&#8243; css=&#8221;.vc_custom_1531117837291{padding-top: 0px !important;}&#8221;][tt_vc_countdown_shortcode number=&#8221;250&#8243; label=&#8221;AVAILABLE COLORS&#8221;][\/vc_column][\/vc_row][vc_row css=&#8221;.vc_custom_1604762270611{padding-top: 4% !important;padding-bottom: 4% !important;}&#8221;][vc_column width=&#8221;1\/4&#8243;][vc_single_image image=&#8221;3273&#8243; img_size=&#8221;full&#8221; alignment=&#8221;right&#8221; onclick=&#8221;link_image&#8221;][\/vc_column][vc_column width=&#8221;1\/4&#8243;][vc_single_image image=&#8221;3274&#8243; img_size=&#8221;full&#8221; alignment=&#8221;center&#8221; onclick=&#8221;link_image&#8221;][\/vc_column][vc_column width=&#8221;1\/4&#8243;][vc_single_image image=&#8221;3275&#8243; img_size=&#8221;full&#8221; alignment=&#8221;center&#8221; onclick=&#8221;link_image&#8221;][\/vc_column][vc_column width=&#8221;1\/4&#8243;][vc_single_image image=&#8221;3276&#8243; img_size=&#8221;full&#8221; alignment=&#8221;center&#8221; onclick=&#8221;link_image&#8221;][\/vc_column][\/vc_row][vc_row full_width=&#8221;stretch_row&#8221; el_class=&#8221;klijenti-bg&#8221; css=&#8221;.vc_custom_1605204613169{padding-top: 50px !important;padding-bottom: 3% !important;}&#8221;][vc_column][tt_vc_title_shortcode up_title=&#8221;We earned their trust&#8221;]Our proud clients[\/tt_vc_title_shortcode][vc_row_inner][vc_column_inner width=&#8221;1\/5&#8243; offset=&#8221;vc_col-xs-6&#8243;][vc_single_image image=&#8221;3269&#8243; img_size=&#8221;full&#8221; alignment=&#8221;center&#8221; el_class=&#8221;img-logo&#8221;][\/vc_column_inner][vc_column_inner width=&#8221;1\/5&#8243; offset=&#8221;vc_col-xs-6&#8243;][vc_single_image image=&#8221;3310&#8243; img_size=&#8221;full&#8221; alignment=&#8221;center&#8221; el_class=&#8221;img-logo&#8221;][\/vc_column_inner][vc_column_inner width=&#8221;1\/5&#8243; offset=&#8221;vc_col-xs-6&#8243;][vc_single_image image=&#8221;3270&#8243; img_size=&#8221;full&#8221; alignment=&#8221;center&#8221; el_class=&#8221;img-logo&#8221;][\/vc_column_inner][vc_column_inner width=&#8221;1\/5&#8243;][vc_single_image image=&#8221;3307&#8243; img_size=&#8221;full&#8221; alignment=&#8221;center&#8221; el_class=&#8221;img-logo&#8221;][\/vc_column_inner][vc_column_inner width=&#8221;1\/5&#8243; offset=&#8221;vc_col-xs-6&#8243;][vc_single_image image=&#8221;3271&#8243; img_size=&#8221;full&#8221; alignment=&#8221;center&#8221; el_class=&#8221;img-logo&#8221;][\/vc_column_inner][\/vc_row_inner][vc_row_inner][vc_column_inner width=&#8221;1\/5&#8243; offset=&#8221;vc_col-xs-6&#8243;][vc_single_image image=&#8221;3309&#8243; img_size=&#8221;full&#8221; alignment=&#8221;center&#8221; el_class=&#8221;img-logo&#8221;][\/vc_column_inner][vc_column_inner width=&#8221;1\/5&#8243;][\/vc_column_inner][vc_column_inner width=&#8221;1\/5&#8243;][\/vc_column_inner][vc_column_inner width=&#8221;1\/5&#8243;][\/vc_column_inner][vc_column_inner width=&#8221;1\/5&#8243;][\/vc_column_inner][\/vc_row_inner][\/vc_column][\/vc_row][vc_row full_width=&#8221;stretch_row_content_no_spaces&#8221; content_placement=&#8221;middle&#8221; el_class=&#8221;request-a-qoute home-page-two&#8221;][vc_column width=&#8221;7\/12&#8243; el_class=&#8221;request-a-qoute-content&#8221; css=&#8221;.vc_custom_1532943005905{padding-top: 50px !important;padding-right: 0px !important;padding-bottom: 40px !important;padding-left: 0px !important;}&#8221;][vc_column_text]<\/p>\n<div class=\"title\">\n<h2>Make an appointment<\/h2>\n<\/div>\n<p>[\/vc_column_text]\n<div class=\"wpcf7 no-js\" id=\"wpcf7-f3351-o1\" lang=\"en-US\" dir=\"ltr\">\n<div class=\"screen-reader-response\"><p role=\"status\" aria-live=\"polite\" aria-atomic=\"true\"><\/p> <ul><\/ul><\/div>\n<form action=\"\/en\/wp-json\/wp\/v2\/pages\/3352#wpcf7-f3351-o1\" method=\"post\" class=\"wpcf7-form init\" aria-label=\"Contact form\" novalidate=\"novalidate\" data-status=\"init\">\n<div style=\"display: none;\">\n<input type=\"hidden\" name=\"_wpcf7\" value=\"3351\" \/>\n<input type=\"hidden\" name=\"_wpcf7_version\" value=\"5.7.7\" \/>\n<input type=\"hidden\" name=\"_wpcf7_locale\" value=\"en_US\" \/>\n<input type=\"hidden\" name=\"_wpcf7_unit_tag\" value=\"wpcf7-f3351-o1\" \/>\n<input type=\"hidden\" name=\"_wpcf7_container_post\" value=\"0\" \/>\n<input type=\"hidden\" name=\"_wpcf7_posted_data_hash\" value=\"\" \/>\n<input type=\"hidden\" name=\"_wpcf7_recaptcha_response\" value=\"\" \/>\n<\/div>\n<div>\n\t<p><span class=\"wpcf7-form-control-wrap\" data-name=\"your-name\"><input size=\"40\" class=\"wpcf7-form-control wpcf7-text wpcf7-validates-as-required tt_input\" aria-required=\"true\" aria-invalid=\"false\" placeholder=\"Name\" value=\"\" type=\"text\" name=\"your-name\" \/><\/span><br \/>\n<span class=\"wpcf7-form-control-wrap\" data-name=\"your-email\"><input size=\"40\" class=\"wpcf7-form-control wpcf7-text wpcf7-email wpcf7-validates-as-required wpcf7-validates-as-email tt_input\" aria-required=\"true\" aria-invalid=\"false\" placeholder=\"Email Address\" value=\"\" type=\"email\" name=\"your-email\" \/><\/span><br \/>\n<span class=\"wpcf7-form-control-wrap\" data-name=\"tel\"><input size=\"40\" class=\"wpcf7-form-control wpcf7-text wpcf7-tel wpcf7-validates-as-required wpcf7-validates-as-tel\" aria-required=\"true\" aria-invalid=\"false\" value=\"Your phone number\" type=\"tel\" name=\"tel\" \/><\/span><br \/>\n<span class=\"wpcf7-form-control-wrap\" data-name=\"your-message\"><textarea cols=\"40\" rows=\"10\" class=\"wpcf7-form-control wpcf7-textarea tt_textarea\" aria-invalid=\"false\" placeholder=\"Your message\" name=\"your-message\"><\/textarea><\/span><br \/>\n<input class=\"wpcf7-form-control has-spinner wpcf7-submit tt_submit\" type=\"submit\" value=\"Send\" \/>\n\t<\/p>\n<\/div><div class=\"wpcf7-response-output\" aria-hidden=\"true\"><\/div>\n<\/form>\n<\/div>\n[\/vc_column][vc_column width=&#8221;5\/12&#8243; css=&#8221;.vc_custom_1516273915601{padding-top: 0px !important;padding-right: 0px !important;padding-bottom: 0px !important;padding-left: 0px !important;}&#8221;][vc_single_image image=&#8221;3247&#8243; img_size=&#8221;full&#8221; el_class=&#8221;dfull_img&#8221; css=&#8221;.vc_custom_1604771242894{margin-bottom: 0px !important;}&#8221;][\/vc_column][\/vc_row]<\/p>\n","protected":false},"excerpt":{"rendered":"<p>[vc_row full_width=&#8221;stretch_row&#8221; css=&#8221;.vc_custom_1602726144839{margin-bottom: -65px !important;background-color: #016da8 !important;}&#8221; el_class=&#8221;product-area&#8221;][vc_column width=&#8221;1\/3&#8243;][tt_vc_title_shortcode up_title=&#8221;Product&#8221;]Plastic caps [\/tt_vc_title_shortcode][vc_column_text el_class=&#8221;txt-normal&#8221;]The company Jupiter Komerc in its production program has plastic caps of 38mm neck designed for closing PET bottles.[\/vc_column_text][vc_single_image image=&#8221;3272&#8243; img_size=&#8221;full&#8221; css=&#8221;.vc_custom_1604771647554{margin-bottom: -30px !important;}&#8221;][\/vc_column][vc_column width=&#8221;2\/3&#8243; css=&#8221;.vc_custom_1602726243781{margin-bottom: -65px !important;}&#8221;][vc_video link=&#8221;https:\/\/youtu.be\/-EKReVlYkDo&#8221;][\/vc_column][\/vc_row][vc_row content_placement=&#8221;middle&#8221; css=&#8221;.vc_custom_1604771125761{padding-top: 70px !important;padding-bottom: 50px !important;}&#8221;][vc_column width=&#8221;1\/2&#8243;][vc_column_text] Purpose of plastic bottle caps [\/vc_column_text][vc_column_text]In offer [&hellip;]<\/p>\n","protected":false},"author":1,"featured_media":0,"parent":3335,"menu_order":0,"comment_status":"closed","ping_status":"closed","template":"","meta":[],"yoast_head":"<!-- This site is optimized with the Yoast SEO plugin v20.9 - https:\/\/yoast.com\/wordpress\/plugins\/seo\/ -->\n<title>Plastic caps - Jupiter Komerc - Plasti\u010dna ambala\u017ea<\/title>\n<meta name=\"description\" content=\"Plastic cups in offer are one-piece plastic caps of 38mm neck with a system of double sealing for water, refreshing drinks, milk...\" \/>\n<meta name=\"robots\" content=\"index, follow, max-snippet:-1, max-image-preview:large, max-video-preview:-1\" \/>\n<link rel=\"canonical\" href=\"https:\/\/jupiter-komerc.co.rs\/en\/products-jupiter-komerc\/plastic-caps-manufacturing\/\" \/>\n<meta property=\"og:locale\" content=\"en_US\" \/>\n<meta property=\"og:type\" content=\"article\" \/>\n<meta property=\"og:title\" content=\"Plastic caps - Jupiter Komerc - Plasti\u010dna ambala\u017ea\" \/>\n<meta property=\"og:description\" content=\"Plastic cups in offer are one-piece plastic caps of 38mm neck with a system of double sealing for water, refreshing drinks, milk...\" \/>\n<meta property=\"og:url\" content=\"https:\/\/jupiter-komerc.co.rs\/en\/products-jupiter-komerc\/plastic-caps-manufacturing\/\" \/>\n<meta property=\"og:site_name\" content=\"Jupiter Komerc - Plasti\u010dna ambala\u017ea\" \/>\n<meta property=\"article:modified_time\" content=\"2021-05-03T09:39:18+00:00\" \/>\n<meta name=\"twitter:card\" content=\"summary_large_image\" \/>\n<meta name=\"twitter:label1\" content=\"Est. reading time\" \/>\n\t<meta name=\"twitter:data1\" content=\"2 minutes\" \/>\n<script type=\"application\/ld+json\" class=\"yoast-schema-graph\">{\"@context\":\"https:\/\/schema.org\",\"@graph\":[{\"@type\":\"WebPage\",\"@id\":\"https:\/\/jupiter-komerc.co.rs\/en\/products-jupiter-komerc\/plastic-caps-manufacturing\/\",\"url\":\"https:\/\/jupiter-komerc.co.rs\/en\/products-jupiter-komerc\/plastic-caps-manufacturing\/\",\"name\":\"Plastic caps - Jupiter Komerc - Plasti\u010dna ambala\u017ea\",\"isPartOf\":{\"@id\":\"https:\/\/jupiter-komerc.co.rs\/en\/#website\"},\"datePublished\":\"2020-11-07T17:42:38+00:00\",\"dateModified\":\"2021-05-03T09:39:18+00:00\",\"description\":\"Plastic cups in offer are one-piece plastic caps of 38mm neck with a system of double sealing for water, refreshing drinks, milk...\",\"breadcrumb\":{\"@id\":\"https:\/\/jupiter-komerc.co.rs\/en\/products-jupiter-komerc\/plastic-caps-manufacturing\/#breadcrumb\"},\"inLanguage\":\"en-US\",\"potentialAction\":[{\"@type\":\"ReadAction\",\"target\":[\"https:\/\/jupiter-komerc.co.rs\/en\/products-jupiter-komerc\/plastic-caps-manufacturing\/\"]}]},{\"@type\":\"BreadcrumbList\",\"@id\":\"https:\/\/jupiter-komerc.co.rs\/en\/products-jupiter-komerc\/plastic-caps-manufacturing\/#breadcrumb\",\"itemListElement\":[{\"@type\":\"ListItem\",\"position\":1,\"name\":\"Home\",\"item\":\"https:\/\/jupiter-komerc.co.rs\/en\/\"},{\"@type\":\"ListItem\",\"position\":2,\"name\":\"Products\",\"item\":\"https:\/\/jupiter-komerc.co.rs\/en\/products-jupiter-komerc\/\"},{\"@type\":\"ListItem\",\"position\":3,\"name\":\"Plastic caps\"}]},{\"@type\":\"WebSite\",\"@id\":\"https:\/\/jupiter-komerc.co.rs\/en\/#website\",\"url\":\"https:\/\/jupiter-komerc.co.rs\/en\/\",\"name\":\"Jupiter Komerc - Plasti\u010dna ambala\u017ea\",\"description\":\"Jupiter Komerc &ndash; Plasti\u010dna ambala\u017ea\",\"publisher\":{\"@id\":\"https:\/\/jupiter-komerc.co.rs\/en\/#organization\"},\"potentialAction\":[{\"@type\":\"SearchAction\",\"target\":{\"@type\":\"EntryPoint\",\"urlTemplate\":\"https:\/\/jupiter-komerc.co.rs\/en\/?s={search_term_string}\"},\"query-input\":\"required name=search_term_string\"}],\"inLanguage\":\"en-US\"},{\"@type\":\"Organization\",\"@id\":\"https:\/\/jupiter-komerc.co.rs\/en\/#organization\",\"name\":\"Jupiter Komerc D.O.O\",\"url\":\"https:\/\/jupiter-komerc.co.rs\/en\/\",\"logo\":{\"@type\":\"ImageObject\",\"inLanguage\":\"en-US\",\"@id\":\"https:\/\/jupiter-komerc.co.rs\/en\/#\/schema\/logo\/image\/\",\"url\":\"https:\/\/jupiter-komerc.co.rs\/wp-content\/uploads\/2020\/10\/jupiter-komerc-logo.png\",\"contentUrl\":\"https:\/\/jupiter-komerc.co.rs\/wp-content\/uploads\/2020\/10\/jupiter-komerc-logo.png\",\"width\":229,\"height\":59,\"caption\":\"Jupiter Komerc D.O.O\"},\"image\":{\"@id\":\"https:\/\/jupiter-komerc.co.rs\/en\/#\/schema\/logo\/image\/\"}}]}<\/script>\n<!-- \/ Yoast SEO plugin. -->","yoast_head_json":{"title":"Plastic caps - Jupiter Komerc - Plasti\u010dna ambala\u017ea","description":"Plastic cups in offer are one-piece plastic caps of 38mm neck with a system of double sealing for water, refreshing drinks, milk...","robots":{"index":"index","follow":"follow","max-snippet":"max-snippet:-1","max-image-preview":"max-image-preview:large","max-video-preview":"max-video-preview:-1"},"canonical":"https:\/\/jupiter-komerc.co.rs\/en\/products-jupiter-komerc\/plastic-caps-manufacturing\/","og_locale":"en_US","og_type":"article","og_title":"Plastic caps - Jupiter Komerc - Plasti\u010dna ambala\u017ea","og_description":"Plastic cups in offer are one-piece plastic caps of 38mm neck with a system of double sealing for water, refreshing drinks, milk...","og_url":"https:\/\/jupiter-komerc.co.rs\/en\/products-jupiter-komerc\/plastic-caps-manufacturing\/","og_site_name":"Jupiter Komerc - Plasti\u010dna ambala\u017ea","article_modified_time":"2021-05-03T09:39:18+00:00","twitter_card":"summary_large_image","twitter_misc":{"Est. reading time":"2 minutes"},"schema":{"@context":"https:\/\/schema.org","@graph":[{"@type":"WebPage","@id":"https:\/\/jupiter-komerc.co.rs\/en\/products-jupiter-komerc\/plastic-caps-manufacturing\/","url":"https:\/\/jupiter-komerc.co.rs\/en\/products-jupiter-komerc\/plastic-caps-manufacturing\/","name":"Plastic caps - Jupiter Komerc - Plasti\u010dna ambala\u017ea","isPartOf":{"@id":"https:\/\/jupiter-komerc.co.rs\/en\/#website"},"datePublished":"2020-11-07T17:42:38+00:00","dateModified":"2021-05-03T09:39:18+00:00","description":"Plastic cups in offer are one-piece plastic caps of 38mm neck with a system of double sealing for water, refreshing drinks, milk...","breadcrumb":{"@id":"https:\/\/jupiter-komerc.co.rs\/en\/products-jupiter-komerc\/plastic-caps-manufacturing\/#breadcrumb"},"inLanguage":"en-US","potentialAction":[{"@type":"ReadAction","target":["https:\/\/jupiter-komerc.co.rs\/en\/products-jupiter-komerc\/plastic-caps-manufacturing\/"]}]},{"@type":"BreadcrumbList","@id":"https:\/\/jupiter-komerc.co.rs\/en\/products-jupiter-komerc\/plastic-caps-manufacturing\/#breadcrumb","itemListElement":[{"@type":"ListItem","position":1,"name":"Home","item":"https:\/\/jupiter-komerc.co.rs\/en\/"},{"@type":"ListItem","position":2,"name":"Products","item":"https:\/\/jupiter-komerc.co.rs\/en\/products-jupiter-komerc\/"},{"@type":"ListItem","position":3,"name":"Plastic caps"}]},{"@type":"WebSite","@id":"https:\/\/jupiter-komerc.co.rs\/en\/#website","url":"https:\/\/jupiter-komerc.co.rs\/en\/","name":"Jupiter Komerc - Plasti\u010dna ambala\u017ea","description":"Jupiter Komerc &ndash; Plasti\u010dna ambala\u017ea","publisher":{"@id":"https:\/\/jupiter-komerc.co.rs\/en\/#organization"},"potentialAction":[{"@type":"SearchAction","target":{"@type":"EntryPoint","urlTemplate":"https:\/\/jupiter-komerc.co.rs\/en\/?s={search_term_string}"},"query-input":"required name=search_term_string"}],"inLanguage":"en-US"},{"@type":"Organization","@id":"https:\/\/jupiter-komerc.co.rs\/en\/#organization","name":"Jupiter Komerc D.O.O","url":"https:\/\/jupiter-komerc.co.rs\/en\/","logo":{"@type":"ImageObject","inLanguage":"en-US","@id":"https:\/\/jupiter-komerc.co.rs\/en\/#\/schema\/logo\/image\/","url":"https:\/\/jupiter-komerc.co.rs\/wp-content\/uploads\/2020\/10\/jupiter-komerc-logo.png","contentUrl":"https:\/\/jupiter-komerc.co.rs\/wp-content\/uploads\/2020\/10\/jupiter-komerc-logo.png","width":229,"height":59,"caption":"Jupiter Komerc D.O.O"},"image":{"@id":"https:\/\/jupiter-komerc.co.rs\/en\/#\/schema\/logo\/image\/"}}]}},"_links":{"self":[{"href":"https:\/\/jupiter-komerc.co.rs\/en\/wp-json\/wp\/v2\/pages\/3352"}],"collection":[{"href":"https:\/\/jupiter-komerc.co.rs\/en\/wp-json\/wp\/v2\/pages"}],"about":[{"href":"https:\/\/jupiter-komerc.co.rs\/en\/wp-json\/wp\/v2\/types\/page"}],"author":[{"embeddable":true,"href":"https:\/\/jupiter-komerc.co.rs\/en\/wp-json\/wp\/v2\/users\/1"}],"replies":[{"embeddable":true,"href":"https:\/\/jupiter-komerc.co.rs\/en\/wp-json\/wp\/v2\/comments?post=3352"}],"version-history":[{"count":5,"href":"https:\/\/jupiter-komerc.co.rs\/en\/wp-json\/wp\/v2\/pages\/3352\/revisions"}],"predecessor-version":[{"id":3360,"href":"https:\/\/jupiter-komerc.co.rs\/en\/wp-json\/wp\/v2\/pages\/3352\/revisions\/3360"}],"up":[{"embeddable":true,"href":"https:\/\/jupiter-komerc.co.rs\/en\/wp-json\/wp\/v2\/pages\/3335"}],"wp:attachment":[{"href":"https:\/\/jupiter-komerc.co.rs\/en\/wp-json\/wp\/v2\/media?parent=3352"}],"curies":[{"name":"wp","href":"https:\/\/api.w.org\/{rel}","templated":true}]}}