{"id":3341,"date":"2018-01-16T10:11:37","date_gmt":"2018-01-16T10:11:37","guid":{"rendered":"https:\/\/jupiter-komerc.co.rs\/?page_id=3341"},"modified":"2021-05-03T09:37:27","modified_gmt":"2021-05-03T09:37:27","slug":"about-jupiter-komerc","status":"publish","type":"page","link":"https:\/\/jupiter-komerc.co.rs\/en\/about-jupiter-komerc\/","title":{"rendered":"Jupiter Komerc"},"content":{"rendered":"<p>[vc_row full_width=&#8221;stretch_row&#8221; el_class=&#8221;about-section about-page&#8221; css=&#8221;.vc_custom_1531366134122{padding-bottom: 40px !important;}&#8221;][vc_column][vc_row_inner content_placement=&#8221;middle&#8221;][vc_column_inner width=&#8221;1\/2&#8243;][tt_vc_title_shortcode]<strong>Jupiter Komerc D.O.O.<\/strong>[\/tt_vc_title_shortcode][vc_column_text]<\/p>\n<p class=\"highlight\">Jupiter komerc d.o.o. is a family company with a long tradition, specialized in jobs for producing plastics.<\/p>\n<p>[\/vc_column_text][vc_column_text el_class=&#8221;text-80&#8243;]With business activities started in 1992. in Arilje, West Serbia.<br \/>\nThe company is engaged in producing preforms of polyethylene terephthalate(PET), producing plastic caps for PET bottles, producing holandez for berries, distributing protective gloves and PET material.[\/vc_column_text][\/vc_column_inner][vc_column_inner width=&#8221;1\/2&#8243;][vc_video link=&#8221;https:\/\/www.youtube.com\/watch?v=y8qyxAfrCVY&#8221; align=&#8221;center&#8221;][\/vc_column_inner][\/vc_row_inner][vc_empty_space height=&#8221;30px&#8221;][vc_row_inner css=&#8221;.vc_custom_1605092167058{padding-top: 50px !important;}&#8221;][vc_column_inner width=&#8221;1\/3&#8243;][vc_raw_html]JTNDYSUyMGhyZWYlM0QlMjJodHRwcyUzQSUyRiUyRmp1cGl0ZXIta29tZXJjLmNvLnJzJTJGZW4lMkZwcm9kdWN0cy1qdXBpdGVyLWtvbWVyYyUyRnBldC1wcmVkZm9ybXMtZm9yLWJvdHRsZXMlMkYlMjIlMjB0aXRsZSUzRCUyMlBldCUyMHByZWRmb3JtcyUyMGZvciUyMGJvdHRsZXMlMjIlM0UlMEElM0NkaXYlMjBjbGFzcyUzRCUyMmNhcmQtdGlsZSUyMiUzRSUwQSUwOSUzQ2ltZyUyMHNyYyUzRCUyMmh0dHBzJTNBJTJGJTJGanVwaXRlci1rb21lcmMuY28ucnMlMkZ3cC1jb250ZW50JTJGdXBsb2FkcyUyRjIwMjAlMkYxMCUyRnBldC1wcmVkZm9ybWUtcHJvaXp2b2RuamEuanBnJTIyJTIwY2xhc3MlM0QlMjJpbWctY2VudGVyJTIyJTNFJTBBJTA5JTNDaDMlMjBjbGFzcyUzRCUyMnRleHQtY2VudGVyJTIwdGV4dC1ibHVlJTIyJTNFUEVUJTIwUHJlZGZvbXMlM0MlMkZoMyUzRSUwQSUzQyUyRmRpdiUzRSUwQSUzQyUyRmElM0U=[\/vc_raw_html][\/vc_column_inner][vc_column_inner width=&#8221;1\/3&#8243;][vc_raw_html]JTNDYSUyMGhyZWYlM0QlMjJodHRwcyUzQSUyRiUyRmp1cGl0ZXIta29tZXJjLmNvLnJzJTJGZW4lMkZwcm9kdWN0cy1qdXBpdGVyLWtvbWVyYyUyRnBsYXN0aWMtY2Fwcy1tYW51ZmFjdHVyaW5nJTJGJTIyJTIwdGl0bGUlM0QlMjJwbGFzdGljJTIwY2FwcyUyMG1hbnVmYWN0dXJpbmclMjIlM0UlMEElM0NkaXYlMjBjbGFzcyUzRCUyMmNhcmQtdGlsZSUyMiUzRSUwQSUwOSUzQ2ltZyUyMHNyYyUzRCUyMmh0dHBzJTNBJTJGJTJGanVwaXRlci1rb21lcmMuY28ucnMlMkZ3cC1jb250ZW50JTJGdXBsb2FkcyUyRjIwMjAlMkYxMCUyRnBsYXN0aWNuaS16YXR2YXJhY2ktcHJvaXp2b2RuamEuanBnJTIyJTIwY2xhc3MlM0QlMjJpbWctY2VudGVyJTIyJTNFJTBBJTA5JTNDaDMlMjBjbGFzcyUzRCUyMnRleHQtY2VudGVyJTIwdGV4dC1ibHVlJTIyJTNFUGxhc3RpYyUyMGNhcHMlM0MlMkZoMyUzRSUwQSUzQyUyRmRpdiUzRSUwQSUzQyUyRmElM0U=[\/vc_raw_html][\/vc_column_inner][vc_column_inner width=&#8221;1\/3&#8243;][vc_raw_html]JTNDYSUyMGhyZWYlM0QlMjJodHRwcyUzQSUyRiUyRmp1cGl0ZXIta29tZXJjLmNvLnJzJTJGZW4lMkZwcm9kdWN0cy1qdXBpdGVyLWtvbWVyYyUyRnBsYXN0aWMtY3JhdGVzLWZvci1mcnVpdCUyRiUyMiUyMHRpdGxlJTNEJTIyUGxhc3RpYyUyMGNyYXRlcyUyMGZvciUyMGZydWl0JTIyJTNFJTBBJTNDZGl2JTIwY2xhc3MlM0QlMjJjYXJkLXRpbGUlMjIlM0UlMEElMDklM0NpbWclMjBzcmMlM0QlMjJodHRwcyUzQSUyRiUyRmp1cGl0ZXIta29tZXJjLmNvLnJzJTJGd3AtY29udGVudCUyRnVwbG9hZHMlMkYyMDIwJTJGMTAlMkZnYWpiaWNlLXphLXZvY2UuanBnJTIyJTIwY2xhc3MlM0QlMjJpbWctY2VudGVyJTIyJTNFJTBBJTA5JTNDaDMlMjBjbGFzcyUzRCUyMnRleHQtY2VudGVyJTIwdGV4dC1ibHVlJTIyJTNFUGxhc3RpYyUyMGNyYXRlcyUyMGZvciUyMGZydWl0JTNDJTJGaDMlM0UlMEElM0MlMkZkaXYlM0UlMEElM0MlMkZhJTNF[\/vc_raw_html][\/vc_column_inner][\/vc_row_inner][\/vc_column][\/vc_row][vc_row full_width=&#8221;stretch_row&#8221; el_class=&#8221;mission-info-area&#8221; css=&#8221;.vc_custom_1602690996164{padding-bottom: 40px !important;}&#8221;][vc_column css_animation=&#8221;fadeInLeft&#8221; width=&#8221;1\/6&#8243; el_class=&#8221;sec-title&#8221;][\/vc_column][vc_column width=&#8221;2\/3&#8243;][vc_column_text el_class=&#8221;misson-content&#8221;]<\/p>\n<p class=\"highlighted\" style=\"text-align: center;\">JUPITER KOMERC IS A PERSPECTIVE COMPANY TODAY WHICH HAS SIGNIFICANT PRODUCTION CAPACITY.<\/p>\n<p>[\/vc_column_text][\/vc_column][vc_column width=&#8221;1\/6&#8243;][\/vc_column][\/vc_row][vc_row full_width=&#8221;stretch_row&#8221; el_class=&#8221;mission-history-area&#8221; css=&#8221;.vc_custom_1531366187529{padding-bottom: 40px !important;}&#8221;][vc_column css_animation=&#8221;fadeInLeft&#8221; width=&#8221;1\/2&#8243; el_class=&#8221;sec-title&#8221;][vc_column_text]<\/p>\n<h3>Our vision<\/h3>\n<div class=\"line\"><\/div>\n<p>[\/vc_column_text][vc_column_text el_class=&#8221;misson-content&#8221;]<\/p>\n<p class=\"highlighted\">The company&#8217;s vision is to become undisputed leaders on the market and synonym for a company that always sets higher standards in quality product area!<\/p>\n<p>[\/vc_column_text][\/vc_column][vc_column css_animation=&#8221;fadeInRight&#8221; width=&#8221;1\/2&#8243; el_class=&#8221;sec-title&#8221;][vc_column_text]<\/p>\n<h3>Our mission<\/h3>\n<div class=\"line\"><\/div>\n<p>[\/vc_column_text][vc_column_text el_class=&#8221;history-content&#8221;]Since its establishment, the company follows the same principle- to become better every day in fulfilling the need of its customers. To reach that, we constantly improve the quality of our products. [\/vc_column_text][\/vc_column][\/vc_row][vc_row full_width=&#8221;stretch_row&#8221; el_class=&#8221;fun-fact-area dark-v&#8221; css=&#8221;.vc_custom_1602725892365{padding-top: 100px !important;padding-bottom: 65px !important;}&#8221;][vc_column width=&#8221;1\/4&#8243; css=&#8221;.vc_custom_1531118161332{padding-top: 0px !important;}&#8221;][tt_vc_countdown_shortcode number=&#8221;28&#8243; label=&#8221;YEARS OF SUCCESSFUL BUSINESS&#8221;][\/vc_column][vc_column width=&#8221;1\/4&#8243; css=&#8221;.vc_custom_1531117825631{padding-top: 0px !important;}&#8221;][tt_vc_countdown_shortcode number=&#8221;45500000&#8243; label=&#8221;PRODUCTION CAPACITY OF PREFORMS&#8221;][\/vc_column][vc_column width=&#8221;1\/4&#8243; css=&#8221;.vc_custom_1531117832989{padding-top: 0px !important;}&#8221;][tt_vc_countdown_shortcode number=&#8221;58000000&#8243; label=&#8221;PRODUCTION CAPACITY OF CAPS&#8221;][\/vc_column][vc_column width=&#8221;1\/4&#8243; css=&#8221;.vc_custom_1531117837291{padding-top: 0px !important;}&#8221;][tt_vc_countdown_shortcode number=&#8221;1000000&#8243; label=&#8221;PRODUCTION CAPACITY OF HOLANDEZ&#8221;][\/vc_column][\/vc_row][vc_row content_placement=&#8221;middle&#8221; css=&#8221;.vc_custom_1602692388588{padding-top: 4% !important;padding-bottom: 4% !important;}&#8221;][vc_column width=&#8221;2\/3&#8243;][vc_single_image image=&#8221;3299&#8243; img_size=&#8221;full&#8221; alignment=&#8221;center&#8221; css_animation=&#8221;fadeInLeft&#8221;][\/vc_column][vc_column width=&#8221;1\/3&#8243; el_class=&#8221;advisor-area about-page&#8221;][vc_column_text el_class=&#8221;sec-title&#8221; css=&#8221;.vc_custom_1620031336114{padding-bottom: 4% !important;}&#8221;]<\/p>\n<h2>Activity<\/h2>\n<p>[\/vc_column_text][vc_column_text css_animation=&#8221;fadeInUp&#8221;]Originally as an independent craft consignment shop for wood processing with exemplary power engine sawmill for producing wooden thresholds for renewal of war destroyed railway, today after twenty-eight years the company has the significant producing capacity and necessary experience in producing quality plastic packaging.<\/p>\n<p>Guarantee of a successful business is a fact that Jupiter Komerc, parallel to the adoption of new technology, pays special attention to constantly professionally educate their staff.[\/vc_column_text][\/vc_column][\/vc_row][vc_row css=&#8221;.vc_custom_1602692226352{padding-bottom: 4% !important;}&#8221;][vc_column width=&#8221;1\/6&#8243;][\/vc_column][vc_column width=&#8221;4\/6&#8243;][vc_column_text css_animation=&#8221;fadeInUp&#8221;]<\/p>\n<h3 style=\"text-align: center;\">OUR JOB IS DEDICATED TO SUCCESS OF OUR CLIENTS<\/h3>\n<p>[\/vc_column_text][vc_separator][\/vc_column][vc_column width=&#8221;1\/6&#8243;][\/vc_column][\/vc_row][vc_row full_width=&#8221;stretch_row&#8221; content_placement=&#8221;middle&#8221; parallax=&#8221;content-moving&#8221; parallax_image=&#8221;2875&#8243; css=&#8221;.vc_custom_1602692685932{padding-top: 50px !important;padding-bottom: 85px !important;}&#8221;][vc_column width=&#8221;2\/3&#8243;][vc_column_text]<\/p>\n<div class=\"heading-text el-text\">\n<h4 class=\"txt-contact\">Our vision is to become undisputed leaders on the market and synonym for a company that always sets higher standards in quality product area!<\/h4>\n<\/div>\n<p>[\/vc_column_text][vc_separator color=&#8221;white&#8221;][\/vc_column][vc_column width=&#8221;1\/3&#8243;][vc_column_text]<\/p>\n<div class=\"text-center\" style=\"text-align: center;\"><a class=\"btn-kontakt \" href=\"https:\/\/jupiter-komerc.co.rs\/en\/jupiter-komerc-contact\/\">Contact<\/a><\/div>\n<p>[\/vc_column_text][\/vc_column][\/vc_row]<\/p>\n","protected":false},"excerpt":{"rendered":"<p>[vc_row full_width=&#8221;stretch_row&#8221; el_class=&#8221;about-section about-page&#8221; css=&#8221;.vc_custom_1531366134122{padding-bottom: 40px !important;}&#8221;][vc_column][vc_row_inner content_placement=&#8221;middle&#8221;][vc_column_inner width=&#8221;1\/2&#8243;][tt_vc_title_shortcode]Jupiter Komerc D.O.O.[\/tt_vc_title_shortcode][vc_column_text] Jupiter komerc d.o.o. is a family company with a long tradition, specialized in jobs for producing plastics. [\/vc_column_text][vc_column_text el_class=&#8221;text-80&#8243;]With business activities started in 1992. in Arilje, West Serbia. The company is engaged in producing preforms of polyethylene terephthalate(PET), producing plastic caps for PET bottles, [&hellip;]<\/p>\n","protected":false},"author":1,"featured_media":0,"parent":0,"menu_order":0,"comment_status":"closed","ping_status":"closed","template":"","meta":[],"yoast_head":"<!-- This site is optimized with the Yoast SEO plugin v20.9 - https:\/\/yoast.com\/wordpress\/plugins\/seo\/ -->\n<title>Jupiter Komerc - Jupiter Komerc - Plasti\u010dna ambala\u017ea<\/title>\n<meta name=\"description\" content=\"Jupiter Komerc\" \/>\n<meta name=\"robots\" content=\"index, follow, max-snippet:-1, max-image-preview:large, max-video-preview:-1\" \/>\n<link rel=\"canonical\" href=\"https:\/\/jupiter-komerc.co.rs\/en\/about-jupiter-komerc\/\" \/>\n<meta property=\"og:locale\" content=\"en_US\" \/>\n<meta property=\"og:type\" content=\"article\" \/>\n<meta property=\"og:title\" content=\"Jupiter Komerc - Jupiter Komerc - Plasti\u010dna ambala\u017ea\" \/>\n<meta property=\"og:description\" content=\"Jupiter Komerc\" \/>\n<meta property=\"og:url\" content=\"https:\/\/jupiter-komerc.co.rs\/en\/about-jupiter-komerc\/\" \/>\n<meta property=\"og:site_name\" content=\"Jupiter Komerc - Plasti\u010dna ambala\u017ea\" \/>\n<meta property=\"article:modified_time\" content=\"2021-05-03T09:37:27+00:00\" \/>\n<meta name=\"twitter:card\" content=\"summary_large_image\" \/>\n<meta name=\"twitter:label1\" content=\"Est. reading time\" \/>\n\t<meta name=\"twitter:data1\" content=\"2 minutes\" \/>\n<script type=\"application\/ld+json\" class=\"yoast-schema-graph\">{\"@context\":\"https:\/\/schema.org\",\"@graph\":[{\"@type\":\"WebPage\",\"@id\":\"https:\/\/jupiter-komerc.co.rs\/en\/about-jupiter-komerc\/\",\"url\":\"https:\/\/jupiter-komerc.co.rs\/en\/about-jupiter-komerc\/\",\"name\":\"Jupiter Komerc - Jupiter Komerc - Plasti\u010dna ambala\u017ea\",\"isPartOf\":{\"@id\":\"https:\/\/jupiter-komerc.co.rs\/en\/#website\"},\"datePublished\":\"2018-01-16T10:11:37+00:00\",\"dateModified\":\"2021-05-03T09:37:27+00:00\",\"description\":\"Jupiter Komerc\",\"breadcrumb\":{\"@id\":\"https:\/\/jupiter-komerc.co.rs\/en\/about-jupiter-komerc\/#breadcrumb\"},\"inLanguage\":\"en-US\",\"potentialAction\":[{\"@type\":\"ReadAction\",\"target\":[\"https:\/\/jupiter-komerc.co.rs\/en\/about-jupiter-komerc\/\"]}]},{\"@type\":\"BreadcrumbList\",\"@id\":\"https:\/\/jupiter-komerc.co.rs\/en\/about-jupiter-komerc\/#breadcrumb\",\"itemListElement\":[{\"@type\":\"ListItem\",\"position\":1,\"name\":\"Home\",\"item\":\"https:\/\/jupiter-komerc.co.rs\/en\/\"},{\"@type\":\"ListItem\",\"position\":2,\"name\":\"Jupiter Komerc\"}]},{\"@type\":\"WebSite\",\"@id\":\"https:\/\/jupiter-komerc.co.rs\/en\/#website\",\"url\":\"https:\/\/jupiter-komerc.co.rs\/en\/\",\"name\":\"Jupiter Komerc - Plasti\u010dna ambala\u017ea\",\"description\":\"Jupiter Komerc &ndash; Plasti\u010dna ambala\u017ea\",\"publisher\":{\"@id\":\"https:\/\/jupiter-komerc.co.rs\/en\/#organization\"},\"potentialAction\":[{\"@type\":\"SearchAction\",\"target\":{\"@type\":\"EntryPoint\",\"urlTemplate\":\"https:\/\/jupiter-komerc.co.rs\/en\/?s={search_term_string}\"},\"query-input\":\"required name=search_term_string\"}],\"inLanguage\":\"en-US\"},{\"@type\":\"Organization\",\"@id\":\"https:\/\/jupiter-komerc.co.rs\/en\/#organization\",\"name\":\"Jupiter Komerc D.O.O\",\"url\":\"https:\/\/jupiter-komerc.co.rs\/en\/\",\"logo\":{\"@type\":\"ImageObject\",\"inLanguage\":\"en-US\",\"@id\":\"https:\/\/jupiter-komerc.co.rs\/en\/#\/schema\/logo\/image\/\",\"url\":\"https:\/\/jupiter-komerc.co.rs\/wp-content\/uploads\/2020\/10\/jupiter-komerc-logo.png\",\"contentUrl\":\"https:\/\/jupiter-komerc.co.rs\/wp-content\/uploads\/2020\/10\/jupiter-komerc-logo.png\",\"width\":229,\"height\":59,\"caption\":\"Jupiter Komerc D.O.O\"},\"image\":{\"@id\":\"https:\/\/jupiter-komerc.co.rs\/en\/#\/schema\/logo\/image\/\"}}]}<\/script>\n<!-- \/ Yoast SEO plugin. -->","yoast_head_json":{"title":"Jupiter Komerc - Jupiter Komerc - Plasti\u010dna ambala\u017ea","description":"Jupiter Komerc","robots":{"index":"index","follow":"follow","max-snippet":"max-snippet:-1","max-image-preview":"max-image-preview:large","max-video-preview":"max-video-preview:-1"},"canonical":"https:\/\/jupiter-komerc.co.rs\/en\/about-jupiter-komerc\/","og_locale":"en_US","og_type":"article","og_title":"Jupiter Komerc - Jupiter Komerc - Plasti\u010dna ambala\u017ea","og_description":"Jupiter Komerc","og_url":"https:\/\/jupiter-komerc.co.rs\/en\/about-jupiter-komerc\/","og_site_name":"Jupiter Komerc - Plasti\u010dna ambala\u017ea","article_modified_time":"2021-05-03T09:37:27+00:00","twitter_card":"summary_large_image","twitter_misc":{"Est. reading time":"2 minutes"},"schema":{"@context":"https:\/\/schema.org","@graph":[{"@type":"WebPage","@id":"https:\/\/jupiter-komerc.co.rs\/en\/about-jupiter-komerc\/","url":"https:\/\/jupiter-komerc.co.rs\/en\/about-jupiter-komerc\/","name":"Jupiter Komerc - Jupiter Komerc - Plasti\u010dna ambala\u017ea","isPartOf":{"@id":"https:\/\/jupiter-komerc.co.rs\/en\/#website"},"datePublished":"2018-01-16T10:11:37+00:00","dateModified":"2021-05-03T09:37:27+00:00","description":"Jupiter Komerc","breadcrumb":{"@id":"https:\/\/jupiter-komerc.co.rs\/en\/about-jupiter-komerc\/#breadcrumb"},"inLanguage":"en-US","potentialAction":[{"@type":"ReadAction","target":["https:\/\/jupiter-komerc.co.rs\/en\/about-jupiter-komerc\/"]}]},{"@type":"BreadcrumbList","@id":"https:\/\/jupiter-komerc.co.rs\/en\/about-jupiter-komerc\/#breadcrumb","itemListElement":[{"@type":"ListItem","position":1,"name":"Home","item":"https:\/\/jupiter-komerc.co.rs\/en\/"},{"@type":"ListItem","position":2,"name":"Jupiter Komerc"}]},{"@type":"WebSite","@id":"https:\/\/jupiter-komerc.co.rs\/en\/#website","url":"https:\/\/jupiter-komerc.co.rs\/en\/","name":"Jupiter Komerc - Plasti\u010dna ambala\u017ea","description":"Jupiter Komerc &ndash; Plasti\u010dna ambala\u017ea","publisher":{"@id":"https:\/\/jupiter-komerc.co.rs\/en\/#organization"},"potentialAction":[{"@type":"SearchAction","target":{"@type":"EntryPoint","urlTemplate":"https:\/\/jupiter-komerc.co.rs\/en\/?s={search_term_string}"},"query-input":"required name=search_term_string"}],"inLanguage":"en-US"},{"@type":"Organization","@id":"https:\/\/jupiter-komerc.co.rs\/en\/#organization","name":"Jupiter Komerc D.O.O","url":"https:\/\/jupiter-komerc.co.rs\/en\/","logo":{"@type":"ImageObject","inLanguage":"en-US","@id":"https:\/\/jupiter-komerc.co.rs\/en\/#\/schema\/logo\/image\/","url":"https:\/\/jupiter-komerc.co.rs\/wp-content\/uploads\/2020\/10\/jupiter-komerc-logo.png","contentUrl":"https:\/\/jupiter-komerc.co.rs\/wp-content\/uploads\/2020\/10\/jupiter-komerc-logo.png","width":229,"height":59,"caption":"Jupiter Komerc D.O.O"},"image":{"@id":"https:\/\/jupiter-komerc.co.rs\/en\/#\/schema\/logo\/image\/"}}]}},"_links":{"self":[{"href":"https:\/\/jupiter-komerc.co.rs\/en\/wp-json\/wp\/v2\/pages\/3341"}],"collection":[{"href":"https:\/\/jupiter-komerc.co.rs\/en\/wp-json\/wp\/v2\/pages"}],"about":[{"href":"https:\/\/jupiter-komerc.co.rs\/en\/wp-json\/wp\/v2\/types\/page"}],"author":[{"embeddable":true,"href":"https:\/\/jupiter-komerc.co.rs\/en\/wp-json\/wp\/v2\/users\/1"}],"replies":[{"embeddable":true,"href":"https:\/\/jupiter-komerc.co.rs\/en\/wp-json\/wp\/v2\/comments?post=3341"}],"version-history":[{"count":7,"href":"https:\/\/jupiter-komerc.co.rs\/en\/wp-json\/wp\/v2\/pages\/3341\/revisions"}],"predecessor-version":[{"id":3359,"href":"https:\/\/jupiter-komerc.co.rs\/en\/wp-json\/wp\/v2\/pages\/3341\/revisions\/3359"}],"wp:attachment":[{"href":"https:\/\/jupiter-komerc.co.rs\/en\/wp-json\/wp\/v2\/media?parent=3341"}],"curies":[{"name":"wp","href":"https:\/\/api.w.org\/{rel}","templated":true}]}}