{"id":3335,"date":"2018-07-30T10:15:50","date_gmt":"2018-07-30T10:15:50","guid":{"rendered":"https:\/\/jupiter-komerc.co.rs\/prizvodi-jupiter-komerc\/"},"modified":"2021-05-03T09:42:50","modified_gmt":"2021-05-03T09:42:50","slug":"products-jupiter-komerc","status":"publish","type":"page","link":"https:\/\/jupiter-komerc.co.rs\/en\/products-jupiter-komerc\/","title":{"rendered":"Products"},"content":{"rendered":"<p>[vc_row full_width=&#8221;stretch_row&#8221; el_class=&#8221;advisor-area about-page&#8221; css=&#8221;.vc_custom_1531366637683{padding-top: 70px !important;}&#8221;][vc_column css=&#8221;.vc_custom_1602714464399{padding-top: 5% !important;}&#8221;][vc_column_text]<\/p>\n<h2 style=\"text-align: center; text-transform: uppercase;\">WE ARE A FAMILY COMPANY<\/h2>\n<p style=\"text-align: center;\">WHICH IN ITS PRODUCTION PROGRAM COVERS DIFFERENT PLASTIC PRODUCTS<\/p>\n<p>[\/vc_column_text][\/vc_column][\/vc_row][vc_row css=&#8221;.vc_custom_1602716720907{padding-top: 4% !important;padding-bottom: 4% !important;}&#8221;][vc_column width=&#8221;1\/3&#8243;][vc_raw_html]JTNDYSUyMGhyZWYlM0QlMjJodHRwcyUzQSUyRiUyRmp1cGl0ZXIta29tZXJjLmNvLnJzJTJGZW4lMkZwcm9kdWN0cy1qdXBpdGVyLWtvbWVyYyUyRnBldC1wcmVkZm9ybXMtZm9yLWJvdHRsZXMlMkYlMjIlMjB0aXRsZSUzRCUyMlBldCUyMHByZWRmb3JtcyUyMGZvciUyMGJvdHRsZXMlMjIlM0UlMEElM0NkaXYlMjBjbGFzcyUzRCUyMmNhcmQtdGlsZSUyMiUzRSUwQSUwOSUzQ2ltZyUyMHNyYyUzRCUyMmh0dHBzJTNBJTJGJTJGanVwaXRlci1rb21lcmMuY28ucnMlMkZ3cC1jb250ZW50JTJGdXBsb2FkcyUyRjIwMjAlMkYxMCUyRnBldC1wcmVkZm9ybWUtcHJvaXp2b2RuamEuanBnJTIyJTIwY2xhc3MlM0QlMjJpbWctY2VudGVyJTIyJTNFJTBBJTA5JTNDaDMlMjBjbGFzcyUzRCUyMnRleHQtY2VudGVyJTIwdGV4dC1ibHVlJTIyJTNFUEVUJTIwUHJlZGZvcm1zJTNDJTJGaDMlM0UlMEElM0NwJTIwY2xhc3MlM0QlMjJ0eHQtZGVzYyUyMiUzRVRoZSUyMGNvbXBhbnklMjBpcyUyMHNwZWNpYWxpemVkJTIwaW4lMjBwcm9kdWNpbmclMjBQRVQlMjBwcmVmb3JtcyUyMG9mJTIwd2hpY2glMjBib3R0bGVzJTIwYXJlJTIwcHJvZHVjZWQlMjBmb3IlMjByZWZyZXNoaW5nJTIwZHJpbmtzJTJDJTIwbWlsayUyQyUyMGFuZCUyMGRhaXJ5JTIwcHJvZHVjdHMuJTNDcCUzRSUwQSUzQ3AlMjBjbGFzcyUzRCUyMnR4dC1idG4lMjIlM0VSZWFkJTIwbW9yZSUyMCUzQ3AlM0UlMEElM0MlMkZkaXYlM0UlMEElMEElMEElM0MlMkZhJTNF[\/vc_raw_html][\/vc_column][vc_column width=&#8221;1\/3&#8243;][vc_raw_html]JTNDYSUyMGhyZWYlM0QlMjJodHRwcyUzQSUyRiUyRmp1cGl0ZXIta29tZXJjLmNvLnJzJTJGZW4lMkZwcm9kdWN0cy1qdXBpdGVyLWtvbWVyYyUyRnBsYXN0aWMtY2Fwcy1tYW51ZmFjdHVyaW5nJTJGJTIyJTIwdGl0bGUlM0QlMjJwbGFzdGljJTIwY2FwcyUyMG1hbnVmYWN0dXJpbmclMjIlM0UlMEElM0NkaXYlMjBjbGFzcyUzRCUyMmNhcmQtdGlsZSUyMiUzRSUwQSUwOSUzQ2ltZyUyMHNyYyUzRCUyMmh0dHBzJTNBJTJGJTJGanVwaXRlci1rb21lcmMuY28ucnMlMkZ3cC1jb250ZW50JTJGdXBsb2FkcyUyRjIwMjAlMkYxMCUyRnBsYXN0aWNuaS16YXR2YXJhY2ktcHJvaXp2b2RuamEuanBnJTIyJTIwY2xhc3MlM0QlMjJpbWctY2VudGVyJTIyJTNFJTBBJTA5JTNDaDMlMjBjbGFzcyUzRCUyMnRleHQtY2VudGVyJTIwdGV4dC1ibHVlJTIyJTNFUGxhc3RpYyUyMENhcHMlM0MlMkZoMyUzRSUwQSUzQ3AlMjBjbGFzcyUzRCUyMnR4dC1kZXNjJTIyJTNFSW4lMjBvZmZlciUyMGFyZSUyMG9uZS1waWVjZSUyMHBsYXN0aWMlMjBjYXBzJTIwb2YlMjAzOG1tJTIwbmVjayUyMHdpdGglMjBhJTIwc3lzdGVtJTIwb2YlMjBkb3VibGUlMjBzZWFsaW5nJTIwZm9yJTIwd2F0ZXIlMkMlMjByZWZyZXNoaW5nJTIwZHJpbmtzJTJDJTIwbWlsayUyQyUyMGFuZCUyMGRhaXJ5JTIwcHJvZHVjdHMuJTNDcCUzRSUwQSUzQ3AlMjBjbGFzcyUzRCUyMnR4dC1idG4lMjIlM0VSZWFkJTIwbW9yZSUyMCUzQ3AlM0UlMEElM0MlMkZkaXYlM0UlMEElMEElMEElM0MlMkZhJTNF[\/vc_raw_html][\/vc_column][vc_column width=&#8221;1\/3&#8243;][vc_raw_html]JTNDYSUyMGhyZWYlM0QlMjJodHRwcyUzQSUyRiUyRmp1cGl0ZXIta29tZXJjLmNvLnJzJTJGZW4lMkZwcm9kdWN0cy1qdXBpdGVyLWtvbWVyYyUyRnBsYXN0aWMtY3JhdGVzLWZvci1mcnVpdCUyRiUyMiUyMHRpdGxlJTNEJTIyUGxhc3RpYyUyMGNyYXRlcyUyMGZvciUyMGZydWl0JTIyJTNFJTBBJTNDZGl2JTIwY2xhc3MlM0QlMjJjYXJkLXRpbGUlMjIlM0UlMEElMDklM0NpbWclMjBzcmMlM0QlMjJodHRwcyUzQSUyRiUyRmp1cGl0ZXIta29tZXJjLmNvLnJzJTJGd3AtY29udGVudCUyRnVwbG9hZHMlMkYyMDIwJTJGMTAlMkZnYWpiaWNlLXphLXZvY2UuanBnJTIyJTIwY2xhc3MlM0QlMjJpbWctY2VudGVyJTIyJTNFJTBBJTA5JTNDaDMlMjBjbGFzcyUzRCUyMnRleHQtY2VudGVyJTIwdGV4dC1ibHVlJTIyJTNFUGxhc3RpYyUyMGNyYXRlcyUyMGZvciUyMGZydWl0JTNDJTJGaDMlM0UlMEElM0NwJTIwY2xhc3MlM0QlMjJ0eHQtZGVzYyUyMiUzRUNyYXRlcyUyMGZvciUyMHN0b3JpbmclMkMlMjBwYWNraW5nJTJDJTIwYW5kJTIwcGlja2luZyUyMG9mJTIwYWdyaWN1bHR1cmFsJTIwcHJvZHVjdHMlMkMlMjB0aGF0JTIwaXMlMjBmcnVpdCUyMCUyOHJhc3BiZXJyaWVzJTJDJTIwYmxhY2tiZXJyaWVzJTJDJTIwYmx1ZWJlcnJpZXMlMkMlMjBzdHJhd2JlcnJpZXMlMkMlMjBldGMuJTI5JTNDcCUzRSUwQSUzQ3AlMjBjbGFzcyUzRCUyMnR4dC1idG4lMjIlM0UlMjBSZWFkJTIwTW9yZSUyMCUzQ3AlM0UlMEElM0MlMkZkaXYlM0UlMEElMEElMEElM0MlMkZhJTNF[\/vc_raw_html][\/vc_column][\/vc_row][vc_row full_width=&#8221;stretch_row&#8221; el_class=&#8221;product-area&#8221;][vc_column][vc_column_text css_animation=&#8221;fadeInUp&#8221;]<\/p>\n<h2 style=\"text-align: center;\">Our mission<\/h2>\n<p>[\/vc_column_text][vc_column_text css_animation=&#8221;fadeInUp&#8221;]<\/p>\n<p style=\"text-align: center;\">Our mission is to create high-quality products that will fulfill our customer needs!<\/p>\n<p>[\/vc_column_text][\/vc_column][\/vc_row][vc_row full_width=&#8221;stretch_row&#8221; css=&#8221;.vc_custom_1604659134760{padding-top: 5% !important;padding-bottom: 3% !important;}&#8221;][vc_column css=&#8221;.vc_custom_1531118305306{padding-top: 0px !important;}&#8221;][vc_column_text css=&#8221;.vc_custom_1620032303354{padding-top: 50px !important;padding-bottom: 30px !important;}&#8221;]<\/p>\n<h2 style=\"text-align: center; font-weight: bold;\">DISTRIBUTION<\/h2>\n<p>[\/vc_column_text][vc_row_inner content_placement=&#8221;top&#8221;][vc_column_inner width=&#8221;1\/2&#8243; css=&#8221;.vc_custom_1531118132871{padding-top: 0px !important;}&#8221;][vc_column_text el_class=&#8221;sec-title&#8221;]<\/p>\n<h2>Work gloves<\/h2>\n<p>We distribute work gloves.<\/p>\n<div class=\"line\"><\/div>\n<p>[\/vc_column_text][vc_single_image image=&#8221;3263&#8243; img_size=&#8221;full&#8221; alignment=&#8221;center&#8221; onclick=&#8221;custom_link&#8221; link=&#8221;https:\/\/jupiter-komerc.co.rs\/prizvodi-jupiter-komerc\/distribucija-zastitne-rukavice-za-rad&#8221; el_class=&#8221;img-hover&#8221;][vc_column_text]Gloves for fruit picking, for work in cold, of polyamide with or without PVC dots.<br \/>\nUniversal, coarsely knitted gloves of polyamide for dry area.<br \/>\nGood resistance to abrasion and protection from cold.<br \/>\n<a class=\"btn-distribucija\" title=\"Distribute work gloves\" href=\"https:\/\/jupiter-komerc.co.rs\/products-jupiter-komerc\/work-gloves-distribution\">Work gloves &#8211; see product<\/a>[\/vc_column_text][\/vc_column_inner][vc_column_inner width=&#8221;1\/2&#8243;][vc_column_text el_class=&#8221;sec-title&#8221;]<\/p>\n<h2>PET material<\/h2>\n<p>We distribute PET material.<\/p>\n<div class=\"line\"><\/div>\n<p>[\/vc_column_text][vc_single_image image=&#8221;3262&#8243; img_size=&#8221;full&#8221; alignment=&#8221;center&#8221; onclick=&#8221;custom_link&#8221; el_class=&#8221;img-hover&#8221; link=&#8221;https:\/\/jupiter-komerc.co.rs\/prizvodi-jupiter-komerc\/distribucija-pet-materijala&#8221;][vc_column_text]Polyethylene terephthalate or PET is a raw material usually used for PET preform production of which later it becomes PET bottles intended for filling with water, refreshing drinks, milk, and dairy products.<\/p>\n<p><a class=\"btn-distribucija\" title=\"Distribution of pet materials\" href=\"https:\/\/jupiter-komerc.co.rs\/products-jupiter-komerc\/pet-materials-distribution\">Pet materials &#8211; see products<\/a>[\/vc_column_text][\/vc_column_inner][\/vc_row_inner][\/vc_column][\/vc_row]<\/p>\n","protected":false},"excerpt":{"rendered":"<p>[vc_row full_width=&#8221;stretch_row&#8221; el_class=&#8221;advisor-area about-page&#8221; css=&#8221;.vc_custom_1531366637683{padding-top: 70px !important;}&#8221;][vc_column css=&#8221;.vc_custom_1602714464399{padding-top: 5% !important;}&#8221;][vc_column_text] WE ARE A FAMILY COMPANY WHICH IN ITS PRODUCTION PROGRAM COVERS DIFFERENT PLASTIC PRODUCTS [\/vc_column_text][\/vc_column][\/vc_row][vc_row css=&#8221;.vc_custom_1602716720907{padding-top: 4% !important;padding-bottom: 4% !important;}&#8221;][vc_column width=&#8221;1\/3&#8243;][vc_raw_html]JTNDYSUyMGhyZWYlM0QlMjJodHRwcyUzQSUyRiUyRmp1cGl0ZXIta29tZXJjLmNvLnJzJTJGZW4lMkZwcm9kdWN0cy1qdXBpdGVyLWtvbWVyYyUyRnBldC1wcmVkZm9ybXMtZm9yLWJvdHRsZXMlMkYlMjIlMjB0aXRsZSUzRCUyMlBldCUyMHByZWRmb3JtcyUyMGZvciUyMGJvdHRsZXMlMjIlM0UlMEElM0NkaXYlMjBjbGFzcyUzRCUyMmNhcmQtdGlsZSUyMiUzRSUwQSUwOSUzQ2ltZyUyMHNyYyUzRCUyMmh0dHBzJTNBJTJGJTJGanVwaXRlci1rb21lcmMuY28ucnMlMkZ3cC1jb250ZW50JTJGdXBsb2FkcyUyRjIwMjAlMkYxMCUyRnBldC1wcmVkZm9ybWUtcHJvaXp2b2RuamEuanBnJTIyJTIwY2xhc3MlM0QlMjJpbWctY2VudGVyJTIyJTNFJTBBJTA5JTNDaDMlMjBjbGFzcyUzRCUyMnRleHQtY2VudGVyJTIwdGV4dC1ibHVlJTIyJTNFUEVUJTIwUHJlZGZvcm1zJTNDJTJGaDMlM0UlMEElM0NwJTIwY2xhc3MlM0QlMjJ0eHQtZGVzYyUyMiUzRVRoZSUyMGNvbXBhbnklMjBpcyUyMHNwZWNpYWxpemVkJTIwaW4lMjBwcm9kdWNpbmclMjBQRVQlMjBwcmVmb3JtcyUyMG9mJTIwd2hpY2glMjBib3R0bGVzJTIwYXJlJTIwcHJvZHVjZWQlMjBmb3IlMjByZWZyZXNoaW5nJTIwZHJpbmtzJTJDJTIwbWlsayUyQyUyMGFuZCUyMGRhaXJ5JTIwcHJvZHVjdHMuJTNDcCUzRSUwQSUzQ3AlMjBjbGFzcyUzRCUyMnR4dC1idG4lMjIlM0VSZWFkJTIwbW9yZSUyMCUzQ3AlM0UlMEElM0MlMkZkaXYlM0UlMEElMEElMEElM0MlMkZhJTNF[\/vc_raw_html][\/vc_column][vc_column width=&#8221;1\/3&#8243;][vc_raw_html]JTNDYSUyMGhyZWYlM0QlMjJodHRwcyUzQSUyRiUyRmp1cGl0ZXIta29tZXJjLmNvLnJzJTJGZW4lMkZwcm9kdWN0cy1qdXBpdGVyLWtvbWVyYyUyRnBsYXN0aWMtY2Fwcy1tYW51ZmFjdHVyaW5nJTJGJTIyJTIwdGl0bGUlM0QlMjJwbGFzdGljJTIwY2FwcyUyMG1hbnVmYWN0dXJpbmclMjIlM0UlMEElM0NkaXYlMjBjbGFzcyUzRCUyMmNhcmQtdGlsZSUyMiUzRSUwQSUwOSUzQ2ltZyUyMHNyYyUzRCUyMmh0dHBzJTNBJTJGJTJGanVwaXRlci1rb21lcmMuY28ucnMlMkZ3cC1jb250ZW50JTJGdXBsb2FkcyUyRjIwMjAlMkYxMCUyRnBsYXN0aWNuaS16YXR2YXJhY2ktcHJvaXp2b2RuamEuanBnJTIyJTIwY2xhc3MlM0QlMjJpbWctY2VudGVyJTIyJTNFJTBBJTA5JTNDaDMlMjBjbGFzcyUzRCUyMnRleHQtY2VudGVyJTIwdGV4dC1ibHVlJTIyJTNFUGxhc3RpYyUyMENhcHMlM0MlMkZoMyUzRSUwQSUzQ3AlMjBjbGFzcyUzRCUyMnR4dC1kZXNjJTIyJTNFSW4lMjBvZmZlciUyMGFyZSUyMG9uZS1waWVjZSUyMHBsYXN0aWMlMjBjYXBzJTIwb2YlMjAzOG1tJTIwbmVjayUyMHdpdGglMjBhJTIwc3lzdGVtJTIwb2YlMjBkb3VibGUlMjBzZWFsaW5nJTIwZm9yJTIwd2F0ZXIlMkMlMjByZWZyZXNoaW5nJTIwZHJpbmtzJTJDJTIwbWlsayUyQyUyMGFuZCUyMGRhaXJ5JTIwcHJvZHVjdHMuJTNDcCUzRSUwQSUzQ3AlMjBjbGFzcyUzRCUyMnR4dC1idG4lMjIlM0VSZWFkJTIwbW9yZSUyMCUzQ3AlM0UlMEElM0MlMkZkaXYlM0UlMEElMEElMEElM0MlMkZhJTNF[\/vc_raw_html][\/vc_column][vc_column width=&#8221;1\/3&#8243;][vc_raw_html]JTNDYSUyMGhyZWYlM0QlMjJodHRwcyUzQSUyRiUyRmp1cGl0ZXIta29tZXJjLmNvLnJzJTJGZW4lMkZwcm9kdWN0cy1qdXBpdGVyLWtvbWVyYyUyRnBsYXN0aWMtY3JhdGVzLWZvci1mcnVpdCUyRiUyMiUyMHRpdGxlJTNEJTIyUGxhc3RpYyUyMGNyYXRlcyUyMGZvciUyMGZydWl0JTIyJTNFJTBBJTNDZGl2JTIwY2xhc3MlM0QlMjJjYXJkLXRpbGUlMjIlM0UlMEElMDklM0NpbWclMjBzcmMlM0QlMjJodHRwcyUzQSUyRiUyRmp1cGl0ZXIta29tZXJjLmNvLnJzJTJGd3AtY29udGVudCUyRnVwbG9hZHMlMkYyMDIwJTJGMTAlMkZnYWpiaWNlLXphLXZvY2UuanBnJTIyJTIwY2xhc3MlM0QlMjJpbWctY2VudGVyJTIyJTNFJTBBJTA5JTNDaDMlMjBjbGFzcyUzRCUyMnRleHQtY2VudGVyJTIwdGV4dC1ibHVlJTIyJTNFUGxhc3RpYyUyMGNyYXRlcyUyMGZvciUyMGZydWl0JTNDJTJGaDMlM0UlMEElM0NwJTIwY2xhc3MlM0QlMjJ0eHQtZGVzYyUyMiUzRUNyYXRlcyUyMGZvciUyMHN0b3JpbmclMkMlMjBwYWNraW5nJTJDJTIwYW5kJTIwcGlja2luZyUyMG9mJTIwYWdyaWN1bHR1cmFsJTIwcHJvZHVjdHMlMkMlMjB0aGF0JTIwaXMlMjBmcnVpdCUyMCUyOHJhc3BiZXJyaWVzJTJDJTIwYmxhY2tiZXJyaWVzJTJDJTIwYmx1ZWJlcnJpZXMlMkMlMjBzdHJhd2JlcnJpZXMlMkMlMjBldGMuJTI5JTNDcCUzRSUwQSUzQ3AlMjBjbGFzcyUzRCUyMnR4dC1idG4lMjIlM0UlMjBSZWFkJTIwTW9yZSUyMCUzQ3AlM0UlMEElM0MlMkZkaXYlM0UlMEElMEElMEElM0MlMkZhJTNF[\/vc_raw_html][\/vc_column][\/vc_row][vc_row full_width=&#8221;stretch_row&#8221; el_class=&#8221;product-area&#8221;][vc_column][vc_column_text css_animation=&#8221;fadeInUp&#8221;] Our mission [\/vc_column_text][vc_column_text css_animation=&#8221;fadeInUp&#8221;] Our mission is to create high-quality products that will fulfill our customer needs! [\/vc_column_text][\/vc_column][\/vc_row][vc_row full_width=&#8221;stretch_row&#8221; [&hellip;]<\/p>\n","protected":false},"author":1,"featured_media":0,"parent":0,"menu_order":0,"comment_status":"closed","ping_status":"closed","template":"","meta":[],"yoast_head":"<!-- This site is optimized with the Yoast SEO plugin v20.9 - https:\/\/yoast.com\/wordpress\/plugins\/seo\/ -->\n<title>Products - Jupiter Komerc - Plasti\u010dna ambala\u017ea<\/title>\n<meta name=\"description\" content=\"Products\" \/>\n<meta name=\"robots\" content=\"index, follow, max-snippet:-1, max-image-preview:large, max-video-preview:-1\" \/>\n<link rel=\"canonical\" href=\"https:\/\/jupiter-komerc.co.rs\/en\/products-jupiter-komerc\/\" \/>\n<meta property=\"og:locale\" content=\"en_US\" \/>\n<meta property=\"og:type\" content=\"article\" \/>\n<meta property=\"og:title\" content=\"Products - Jupiter Komerc - Plasti\u010dna ambala\u017ea\" \/>\n<meta property=\"og:description\" content=\"Products\" \/>\n<meta property=\"og:url\" content=\"https:\/\/jupiter-komerc.co.rs\/en\/products-jupiter-komerc\/\" \/>\n<meta property=\"og:site_name\" content=\"Jupiter Komerc - Plasti\u010dna ambala\u017ea\" \/>\n<meta property=\"article:modified_time\" content=\"2021-05-03T09:42:50+00:00\" \/>\n<meta name=\"twitter:card\" content=\"summary_large_image\" \/>\n<meta name=\"twitter:label1\" content=\"Est. reading time\" \/>\n\t<meta name=\"twitter:data1\" content=\"1 minute\" \/>\n<script type=\"application\/ld+json\" class=\"yoast-schema-graph\">{\"@context\":\"https:\/\/schema.org\",\"@graph\":[{\"@type\":\"WebPage\",\"@id\":\"https:\/\/jupiter-komerc.co.rs\/en\/products-jupiter-komerc\/\",\"url\":\"https:\/\/jupiter-komerc.co.rs\/en\/products-jupiter-komerc\/\",\"name\":\"Products - Jupiter Komerc - Plasti\u010dna ambala\u017ea\",\"isPartOf\":{\"@id\":\"https:\/\/jupiter-komerc.co.rs\/en\/#website\"},\"datePublished\":\"2018-07-30T10:15:50+00:00\",\"dateModified\":\"2021-05-03T09:42:50+00:00\",\"description\":\"Products\",\"breadcrumb\":{\"@id\":\"https:\/\/jupiter-komerc.co.rs\/en\/products-jupiter-komerc\/#breadcrumb\"},\"inLanguage\":\"en-US\",\"potentialAction\":[{\"@type\":\"ReadAction\",\"target\":[\"https:\/\/jupiter-komerc.co.rs\/en\/products-jupiter-komerc\/\"]}]},{\"@type\":\"BreadcrumbList\",\"@id\":\"https:\/\/jupiter-komerc.co.rs\/en\/products-jupiter-komerc\/#breadcrumb\",\"itemListElement\":[{\"@type\":\"ListItem\",\"position\":1,\"name\":\"Home\",\"item\":\"https:\/\/jupiter-komerc.co.rs\/en\/\"},{\"@type\":\"ListItem\",\"position\":2,\"name\":\"Products\"}]},{\"@type\":\"WebSite\",\"@id\":\"https:\/\/jupiter-komerc.co.rs\/en\/#website\",\"url\":\"https:\/\/jupiter-komerc.co.rs\/en\/\",\"name\":\"Jupiter Komerc - Plasti\u010dna ambala\u017ea\",\"description\":\"Jupiter Komerc &ndash; Plasti\u010dna ambala\u017ea\",\"publisher\":{\"@id\":\"https:\/\/jupiter-komerc.co.rs\/en\/#organization\"},\"potentialAction\":[{\"@type\":\"SearchAction\",\"target\":{\"@type\":\"EntryPoint\",\"urlTemplate\":\"https:\/\/jupiter-komerc.co.rs\/en\/?s={search_term_string}\"},\"query-input\":\"required name=search_term_string\"}],\"inLanguage\":\"en-US\"},{\"@type\":\"Organization\",\"@id\":\"https:\/\/jupiter-komerc.co.rs\/en\/#organization\",\"name\":\"Jupiter Komerc D.O.O\",\"url\":\"https:\/\/jupiter-komerc.co.rs\/en\/\",\"logo\":{\"@type\":\"ImageObject\",\"inLanguage\":\"en-US\",\"@id\":\"https:\/\/jupiter-komerc.co.rs\/en\/#\/schema\/logo\/image\/\",\"url\":\"https:\/\/jupiter-komerc.co.rs\/wp-content\/uploads\/2020\/10\/jupiter-komerc-logo.png\",\"contentUrl\":\"https:\/\/jupiter-komerc.co.rs\/wp-content\/uploads\/2020\/10\/jupiter-komerc-logo.png\",\"width\":229,\"height\":59,\"caption\":\"Jupiter Komerc D.O.O\"},\"image\":{\"@id\":\"https:\/\/jupiter-komerc.co.rs\/en\/#\/schema\/logo\/image\/\"}}]}<\/script>\n<!-- \/ Yoast SEO plugin. -->","yoast_head_json":{"title":"Products - Jupiter Komerc - Plasti\u010dna ambala\u017ea","description":"Products","robots":{"index":"index","follow":"follow","max-snippet":"max-snippet:-1","max-image-preview":"max-image-preview:large","max-video-preview":"max-video-preview:-1"},"canonical":"https:\/\/jupiter-komerc.co.rs\/en\/products-jupiter-komerc\/","og_locale":"en_US","og_type":"article","og_title":"Products - Jupiter Komerc - Plasti\u010dna ambala\u017ea","og_description":"Products","og_url":"https:\/\/jupiter-komerc.co.rs\/en\/products-jupiter-komerc\/","og_site_name":"Jupiter Komerc - Plasti\u010dna ambala\u017ea","article_modified_time":"2021-05-03T09:42:50+00:00","twitter_card":"summary_large_image","twitter_misc":{"Est. reading time":"1 minute"},"schema":{"@context":"https:\/\/schema.org","@graph":[{"@type":"WebPage","@id":"https:\/\/jupiter-komerc.co.rs\/en\/products-jupiter-komerc\/","url":"https:\/\/jupiter-komerc.co.rs\/en\/products-jupiter-komerc\/","name":"Products - Jupiter Komerc - Plasti\u010dna ambala\u017ea","isPartOf":{"@id":"https:\/\/jupiter-komerc.co.rs\/en\/#website"},"datePublished":"2018-07-30T10:15:50+00:00","dateModified":"2021-05-03T09:42:50+00:00","description":"Products","breadcrumb":{"@id":"https:\/\/jupiter-komerc.co.rs\/en\/products-jupiter-komerc\/#breadcrumb"},"inLanguage":"en-US","potentialAction":[{"@type":"ReadAction","target":["https:\/\/jupiter-komerc.co.rs\/en\/products-jupiter-komerc\/"]}]},{"@type":"BreadcrumbList","@id":"https:\/\/jupiter-komerc.co.rs\/en\/products-jupiter-komerc\/#breadcrumb","itemListElement":[{"@type":"ListItem","position":1,"name":"Home","item":"https:\/\/jupiter-komerc.co.rs\/en\/"},{"@type":"ListItem","position":2,"name":"Products"}]},{"@type":"WebSite","@id":"https:\/\/jupiter-komerc.co.rs\/en\/#website","url":"https:\/\/jupiter-komerc.co.rs\/en\/","name":"Jupiter Komerc - Plasti\u010dna ambala\u017ea","description":"Jupiter Komerc &ndash; Plasti\u010dna ambala\u017ea","publisher":{"@id":"https:\/\/jupiter-komerc.co.rs\/en\/#organization"},"potentialAction":[{"@type":"SearchAction","target":{"@type":"EntryPoint","urlTemplate":"https:\/\/jupiter-komerc.co.rs\/en\/?s={search_term_string}"},"query-input":"required name=search_term_string"}],"inLanguage":"en-US"},{"@type":"Organization","@id":"https:\/\/jupiter-komerc.co.rs\/en\/#organization","name":"Jupiter Komerc D.O.O","url":"https:\/\/jupiter-komerc.co.rs\/en\/","logo":{"@type":"ImageObject","inLanguage":"en-US","@id":"https:\/\/jupiter-komerc.co.rs\/en\/#\/schema\/logo\/image\/","url":"https:\/\/jupiter-komerc.co.rs\/wp-content\/uploads\/2020\/10\/jupiter-komerc-logo.png","contentUrl":"https:\/\/jupiter-komerc.co.rs\/wp-content\/uploads\/2020\/10\/jupiter-komerc-logo.png","width":229,"height":59,"caption":"Jupiter Komerc D.O.O"},"image":{"@id":"https:\/\/jupiter-komerc.co.rs\/en\/#\/schema\/logo\/image\/"}}]}},"_links":{"self":[{"href":"https:\/\/jupiter-komerc.co.rs\/en\/wp-json\/wp\/v2\/pages\/3335"}],"collection":[{"href":"https:\/\/jupiter-komerc.co.rs\/en\/wp-json\/wp\/v2\/pages"}],"about":[{"href":"https:\/\/jupiter-komerc.co.rs\/en\/wp-json\/wp\/v2\/types\/page"}],"author":[{"embeddable":true,"href":"https:\/\/jupiter-komerc.co.rs\/en\/wp-json\/wp\/v2\/users\/1"}],"replies":[{"embeddable":true,"href":"https:\/\/jupiter-komerc.co.rs\/en\/wp-json\/wp\/v2\/comments?post=3335"}],"version-history":[{"count":6,"href":"https:\/\/jupiter-komerc.co.rs\/en\/wp-json\/wp\/v2\/pages\/3335\/revisions"}],"predecessor-version":[{"id":3337,"href":"https:\/\/jupiter-komerc.co.rs\/en\/wp-json\/wp\/v2\/pages\/3335\/revisions\/3337"}],"wp:attachment":[{"href":"https:\/\/jupiter-komerc.co.rs\/en\/wp-json\/wp\/v2\/media?parent=3335"}],"curies":[{"name":"wp","href":"https:\/\/api.w.org\/{rel}","templated":true}]}}