{"id":3315,"date":"2018-01-16T13:18:26","date_gmt":"2018-01-16T13:18:26","guid":{"rendered":"https:\/\/jupiter-komerc.co.rs\/references\/"},"modified":"2022-03-11T14:15:41","modified_gmt":"2022-03-11T14:15:41","slug":"references","status":"publish","type":"page","link":"https:\/\/jupiter-komerc.co.rs\/en\/references\/","title":{"rendered":"References"},"content":{"rendered":"<p>[vc_row css=&#8221;.vc_custom_1605094566425{padding-top: 80px !important;padding-bottom: 3% !important;}&#8221;][vc_column][tt_vc_title_shortcode up_title=&#8221;References&#8221;]References of Jupiter Komerc D.O.O.[\/tt_vc_title_shortcode][vc_row_inner][vc_column_inner width=&#8221;1\/4&#8243;][vc_single_image image=&#8221;3307&#8243; img_size=&#8221;full&#8221; alignment=&#8221;center&#8221; css_animation=&#8221;fadeInUp&#8221; el_class=&#8221;img-logo&#8221;][\/vc_column_inner][vc_column_inner width=&#8221;1\/4&#8243;][vc_single_image image=&#8221;3410&#8243; img_size=&#8221;full&#8221; alignment=&#8221;center&#8221; css_animation=&#8221;fadeInUp&#8221; el_class=&#8221;img-logo&#8221;][\/vc_column_inner][vc_column_inner width=&#8221;1\/4&#8243;][vc_single_image image=&#8221;3309&#8243; img_size=&#8221;full&#8221; alignment=&#8221;center&#8221; css_animation=&#8221;fadeInUp&#8221; el_class=&#8221;img-logo&#8221;][\/vc_column_inner][vc_column_inner width=&#8221;1\/4&#8243;][vc_single_image image=&#8221;3300&#8243; img_size=&#8221;full&#8221; alignment=&#8221;center&#8221; css_animation=&#8221;fadeInUp&#8221; el_class=&#8221;img-logo&#8221;][\/vc_column_inner][\/vc_row_inner][vc_row_inner][vc_column_inner width=&#8221;1\/4&#8243;][vc_single_image image=&#8221;3301&#8243; img_size=&#8221;full&#8221; alignment=&#8221;center&#8221; css_animation=&#8221;fadeInUp&#8221; el_class=&#8221;img-logo&#8221;][\/vc_column_inner][vc_column_inner width=&#8221;1\/4&#8243;][vc_single_image image=&#8221;3302&#8243; img_size=&#8221;full&#8221; alignment=&#8221;center&#8221; css_animation=&#8221;fadeInUp&#8221; el_class=&#8221;img-logo&#8221;][\/vc_column_inner][vc_column_inner width=&#8221;1\/4&#8243;][vc_single_image image=&#8221;3303&#8243; img_size=&#8221;full&#8221; alignment=&#8221;center&#8221; css_animation=&#8221;fadeInUp&#8221; el_class=&#8221;img-logo&#8221;][\/vc_column_inner][vc_column_inner width=&#8221;1\/4&#8243;][vc_single_image image=&#8221;3305&#8243; img_size=&#8221;full&#8221; alignment=&#8221;center&#8221; css_animation=&#8221;fadeInUp&#8221; el_class=&#8221;img-logo&#8221;][\/vc_column_inner][\/vc_row_inner][vc_row_inner][vc_column_inner width=&#8221;1\/4&#8243;][vc_single_image image=&#8221;3304&#8243; img_size=&#8221;full&#8221; alignment=&#8221;center&#8221; css_animation=&#8221;fadeInUp&#8221; el_class=&#8221;img-logo&#8221;][\/vc_column_inner][vc_column_inner width=&#8221;1\/4&#8243;][vc_single_image image=&#8221;3306&#8243; img_size=&#8221;full&#8221; alignment=&#8221;center&#8221; css_animation=&#8221;fadeInUp&#8221; el_class=&#8221;img-logo&#8221;][\/vc_column_inner][vc_column_inner width=&#8221;1\/4&#8243;][vc_single_image image=&#8221;3269&#8243; img_size=&#8221;full&#8221; alignment=&#8221;center&#8221; css_animation=&#8221;fadeInUp&#8221; el_class=&#8221;img-logo&#8221;][\/vc_column_inner][vc_column_inner width=&#8221;1\/4&#8243;][vc_single_image image=&#8221;3310&#8243; img_size=&#8221;full&#8221; alignment=&#8221;center&#8221; css_animation=&#8221;fadeInUp&#8221; el_class=&#8221;img-logo&#8221;][\/vc_column_inner][\/vc_row_inner][vc_row_inner][vc_column_inner width=&#8221;1\/4&#8243;][vc_single_image image=&#8221;3271&#8243; img_size=&#8221;full&#8221; alignment=&#8221;center&#8221; css_animation=&#8221;fadeInUp&#8221; el_class=&#8221;img-logo&#8221;][\/vc_column_inner][vc_column_inner width=&#8221;1\/4&#8243;][vc_single_image image=&#8221;3270&#8243; img_size=&#8221;full&#8221; alignment=&#8221;center&#8221; css_animation=&#8221;fadeInUp&#8221; el_class=&#8221;img-logo&#8221;][\/vc_column_inner][vc_column_inner width=&#8221;1\/4&#8243;][vc_single_image image=&#8221;3412&#8243; img_size=&#8221;full&#8221; alignment=&#8221;center&#8221; css_animation=&#8221;fadeInUp&#8221; el_class=&#8221;img-logo&#8221;][\/vc_column_inner][vc_column_inner width=&#8221;1\/4&#8243;][vc_single_image image=&#8221;3414&#8243; img_size=&#8221;full&#8221; alignment=&#8221;center&#8221; css_animation=&#8221;fadeInUp&#8221; el_class=&#8221;img-logo&#8221;][\/vc_column_inner][\/vc_row_inner][\/vc_column][\/vc_row]<\/p>\n","protected":false},"excerpt":{"rendered":"<p>[vc_row css=&#8221;.vc_custom_1605094566425{padding-top: 80px !important;padding-bottom: 3% !important;}&#8221;][vc_column][tt_vc_title_shortcode up_title=&#8221;References&#8221;]References of Jupiter Komerc D.O.O.[\/tt_vc_title_shortcode][vc_row_inner][vc_column_inner width=&#8221;1\/4&#8243;][vc_single_image image=&#8221;3307&#8243; img_size=&#8221;full&#8221; alignment=&#8221;center&#8221; css_animation=&#8221;fadeInUp&#8221; el_class=&#8221;img-logo&#8221;][\/vc_column_inner][vc_column_inner width=&#8221;1\/4&#8243;][vc_single_image image=&#8221;3410&#8243; img_size=&#8221;full&#8221; alignment=&#8221;center&#8221; css_animation=&#8221;fadeInUp&#8221; el_class=&#8221;img-logo&#8221;][\/vc_column_inner][vc_column_inner width=&#8221;1\/4&#8243;][vc_single_image image=&#8221;3309&#8243; img_size=&#8221;full&#8221; alignment=&#8221;center&#8221; css_animation=&#8221;fadeInUp&#8221; el_class=&#8221;img-logo&#8221;][\/vc_column_inner][vc_column_inner width=&#8221;1\/4&#8243;][vc_single_image image=&#8221;3300&#8243; img_size=&#8221;full&#8221; alignment=&#8221;center&#8221; css_animation=&#8221;fadeInUp&#8221; el_class=&#8221;img-logo&#8221;][\/vc_column_inner][\/vc_row_inner][vc_row_inner][vc_column_inner width=&#8221;1\/4&#8243;][vc_single_image image=&#8221;3301&#8243; img_size=&#8221;full&#8221; alignment=&#8221;center&#8221; css_animation=&#8221;fadeInUp&#8221; el_class=&#8221;img-logo&#8221;][\/vc_column_inner][vc_column_inner width=&#8221;1\/4&#8243;][vc_single_image image=&#8221;3302&#8243; img_size=&#8221;full&#8221; alignment=&#8221;center&#8221; css_animation=&#8221;fadeInUp&#8221; el_class=&#8221;img-logo&#8221;][\/vc_column_inner][vc_column_inner width=&#8221;1\/4&#8243;][vc_single_image image=&#8221;3303&#8243; img_size=&#8221;full&#8221; alignment=&#8221;center&#8221; css_animation=&#8221;fadeInUp&#8221; el_class=&#8221;img-logo&#8221;][\/vc_column_inner][vc_column_inner width=&#8221;1\/4&#8243;][vc_single_image image=&#8221;3305&#8243; [&hellip;]<\/p>\n","protected":false},"author":1,"featured_media":0,"parent":0,"menu_order":0,"comment_status":"closed","ping_status":"closed","template":"","meta":[],"yoast_head":"<!-- This site is optimized with the Yoast SEO plugin v20.9 - https:\/\/yoast.com\/wordpress\/plugins\/seo\/ -->\n<title>References - Jupiter Komerc - Plasti\u010dna ambala\u017ea<\/title>\n<meta name=\"description\" content=\"References\" \/>\n<meta name=\"robots\" content=\"index, follow, max-snippet:-1, max-image-preview:large, max-video-preview:-1\" \/>\n<link rel=\"canonical\" href=\"https:\/\/jupiter-komerc.co.rs\/en\/references\/\" \/>\n<meta property=\"og:locale\" content=\"en_US\" \/>\n<meta property=\"og:type\" content=\"article\" \/>\n<meta property=\"og:title\" content=\"References - Jupiter Komerc - Plasti\u010dna ambala\u017ea\" \/>\n<meta property=\"og:description\" content=\"References\" \/>\n<meta property=\"og:url\" content=\"https:\/\/jupiter-komerc.co.rs\/en\/references\/\" \/>\n<meta property=\"og:site_name\" content=\"Jupiter Komerc - Plasti\u010dna ambala\u017ea\" \/>\n<meta property=\"article:modified_time\" content=\"2022-03-11T14:15:41+00:00\" \/>\n<meta name=\"twitter:card\" content=\"summary_large_image\" \/>\n<meta name=\"twitter:label1\" content=\"Est. reading time\" \/>\n\t<meta name=\"twitter:data1\" content=\"1 minute\" \/>\n<script type=\"application\/ld+json\" class=\"yoast-schema-graph\">{\"@context\":\"https:\/\/schema.org\",\"@graph\":[{\"@type\":\"WebPage\",\"@id\":\"https:\/\/jupiter-komerc.co.rs\/en\/references\/\",\"url\":\"https:\/\/jupiter-komerc.co.rs\/en\/references\/\",\"name\":\"References - Jupiter Komerc - Plasti\u010dna ambala\u017ea\",\"isPartOf\":{\"@id\":\"https:\/\/jupiter-komerc.co.rs\/en\/#website\"},\"datePublished\":\"2018-01-16T13:18:26+00:00\",\"dateModified\":\"2022-03-11T14:15:41+00:00\",\"description\":\"References\",\"breadcrumb\":{\"@id\":\"https:\/\/jupiter-komerc.co.rs\/en\/references\/#breadcrumb\"},\"inLanguage\":\"en-US\",\"potentialAction\":[{\"@type\":\"ReadAction\",\"target\":[\"https:\/\/jupiter-komerc.co.rs\/en\/references\/\"]}]},{\"@type\":\"BreadcrumbList\",\"@id\":\"https:\/\/jupiter-komerc.co.rs\/en\/references\/#breadcrumb\",\"itemListElement\":[{\"@type\":\"ListItem\",\"position\":1,\"name\":\"Home\",\"item\":\"https:\/\/jupiter-komerc.co.rs\/en\/\"},{\"@type\":\"ListItem\",\"position\":2,\"name\":\"References\"}]},{\"@type\":\"WebSite\",\"@id\":\"https:\/\/jupiter-komerc.co.rs\/en\/#website\",\"url\":\"https:\/\/jupiter-komerc.co.rs\/en\/\",\"name\":\"Jupiter Komerc - Plasti\u010dna ambala\u017ea\",\"description\":\"Jupiter Komerc &ndash; Plasti\u010dna ambala\u017ea\",\"publisher\":{\"@id\":\"https:\/\/jupiter-komerc.co.rs\/en\/#organization\"},\"potentialAction\":[{\"@type\":\"SearchAction\",\"target\":{\"@type\":\"EntryPoint\",\"urlTemplate\":\"https:\/\/jupiter-komerc.co.rs\/en\/?s={search_term_string}\"},\"query-input\":\"required name=search_term_string\"}],\"inLanguage\":\"en-US\"},{\"@type\":\"Organization\",\"@id\":\"https:\/\/jupiter-komerc.co.rs\/en\/#organization\",\"name\":\"Jupiter Komerc D.O.O\",\"url\":\"https:\/\/jupiter-komerc.co.rs\/en\/\",\"logo\":{\"@type\":\"ImageObject\",\"inLanguage\":\"en-US\",\"@id\":\"https:\/\/jupiter-komerc.co.rs\/en\/#\/schema\/logo\/image\/\",\"url\":\"https:\/\/jupiter-komerc.co.rs\/wp-content\/uploads\/2020\/10\/jupiter-komerc-logo.png\",\"contentUrl\":\"https:\/\/jupiter-komerc.co.rs\/wp-content\/uploads\/2020\/10\/jupiter-komerc-logo.png\",\"width\":229,\"height\":59,\"caption\":\"Jupiter Komerc D.O.O\"},\"image\":{\"@id\":\"https:\/\/jupiter-komerc.co.rs\/en\/#\/schema\/logo\/image\/\"}}]}<\/script>\n<!-- \/ Yoast SEO plugin. -->","yoast_head_json":{"title":"References - Jupiter Komerc - Plasti\u010dna ambala\u017ea","description":"References","robots":{"index":"index","follow":"follow","max-snippet":"max-snippet:-1","max-image-preview":"max-image-preview:large","max-video-preview":"max-video-preview:-1"},"canonical":"https:\/\/jupiter-komerc.co.rs\/en\/references\/","og_locale":"en_US","og_type":"article","og_title":"References - Jupiter Komerc - Plasti\u010dna ambala\u017ea","og_description":"References","og_url":"https:\/\/jupiter-komerc.co.rs\/en\/references\/","og_site_name":"Jupiter Komerc - Plasti\u010dna ambala\u017ea","article_modified_time":"2022-03-11T14:15:41+00:00","twitter_card":"summary_large_image","twitter_misc":{"Est. reading time":"1 minute"},"schema":{"@context":"https:\/\/schema.org","@graph":[{"@type":"WebPage","@id":"https:\/\/jupiter-komerc.co.rs\/en\/references\/","url":"https:\/\/jupiter-komerc.co.rs\/en\/references\/","name":"References - Jupiter Komerc - Plasti\u010dna ambala\u017ea","isPartOf":{"@id":"https:\/\/jupiter-komerc.co.rs\/en\/#website"},"datePublished":"2018-01-16T13:18:26+00:00","dateModified":"2022-03-11T14:15:41+00:00","description":"References","breadcrumb":{"@id":"https:\/\/jupiter-komerc.co.rs\/en\/references\/#breadcrumb"},"inLanguage":"en-US","potentialAction":[{"@type":"ReadAction","target":["https:\/\/jupiter-komerc.co.rs\/en\/references\/"]}]},{"@type":"BreadcrumbList","@id":"https:\/\/jupiter-komerc.co.rs\/en\/references\/#breadcrumb","itemListElement":[{"@type":"ListItem","position":1,"name":"Home","item":"https:\/\/jupiter-komerc.co.rs\/en\/"},{"@type":"ListItem","position":2,"name":"References"}]},{"@type":"WebSite","@id":"https:\/\/jupiter-komerc.co.rs\/en\/#website","url":"https:\/\/jupiter-komerc.co.rs\/en\/","name":"Jupiter Komerc - Plasti\u010dna ambala\u017ea","description":"Jupiter Komerc &ndash; Plasti\u010dna ambala\u017ea","publisher":{"@id":"https:\/\/jupiter-komerc.co.rs\/en\/#organization"},"potentialAction":[{"@type":"SearchAction","target":{"@type":"EntryPoint","urlTemplate":"https:\/\/jupiter-komerc.co.rs\/en\/?s={search_term_string}"},"query-input":"required name=search_term_string"}],"inLanguage":"en-US"},{"@type":"Organization","@id":"https:\/\/jupiter-komerc.co.rs\/en\/#organization","name":"Jupiter Komerc D.O.O","url":"https:\/\/jupiter-komerc.co.rs\/en\/","logo":{"@type":"ImageObject","inLanguage":"en-US","@id":"https:\/\/jupiter-komerc.co.rs\/en\/#\/schema\/logo\/image\/","url":"https:\/\/jupiter-komerc.co.rs\/wp-content\/uploads\/2020\/10\/jupiter-komerc-logo.png","contentUrl":"https:\/\/jupiter-komerc.co.rs\/wp-content\/uploads\/2020\/10\/jupiter-komerc-logo.png","width":229,"height":59,"caption":"Jupiter Komerc D.O.O"},"image":{"@id":"https:\/\/jupiter-komerc.co.rs\/en\/#\/schema\/logo\/image\/"}}]}},"_links":{"self":[{"href":"https:\/\/jupiter-komerc.co.rs\/en\/wp-json\/wp\/v2\/pages\/3315"}],"collection":[{"href":"https:\/\/jupiter-komerc.co.rs\/en\/wp-json\/wp\/v2\/pages"}],"about":[{"href":"https:\/\/jupiter-komerc.co.rs\/en\/wp-json\/wp\/v2\/types\/page"}],"author":[{"embeddable":true,"href":"https:\/\/jupiter-komerc.co.rs\/en\/wp-json\/wp\/v2\/users\/1"}],"replies":[{"embeddable":true,"href":"https:\/\/jupiter-komerc.co.rs\/en\/wp-json\/wp\/v2\/comments?post=3315"}],"version-history":[{"count":11,"href":"https:\/\/jupiter-komerc.co.rs\/en\/wp-json\/wp\/v2\/pages\/3315\/revisions"}],"predecessor-version":[{"id":3416,"href":"https:\/\/jupiter-komerc.co.rs\/en\/wp-json\/wp\/v2\/pages\/3315\/revisions\/3416"}],"wp:attachment":[{"href":"https:\/\/jupiter-komerc.co.rs\/en\/wp-json\/wp\/v2\/media?parent=3315"}],"curies":[{"name":"wp","href":"https:\/\/api.w.org\/{rel}","templated":true}]}}